{"id":831,"date":"2023-07-03T10:57:37","date_gmt":"2023-07-03T09:57:37","guid":{"rendered":"https:\/\/anogov.com\/home\/?post_type=product&#038;p=831"},"modified":"2025-02-05T11:45:06","modified_gmt":"2025-02-05T11:45:06","slug":"convites","status":"publish","type":"product","link":"https:\/\/anogov.com\/home\/produto\/convites\/","title":{"rendered":"+Convites &#8211; 1 ano"},"content":{"rendered":"","protected":false},"excerpt":{"rendered":"<p><span style=\"font-family: 'Arial',sans-serif;\"><em>Para entidades estrangeiras, ao valor supramencionado acrescem taxas internacionais.\u00a0<\/em><\/span><\/p>\n<p>&#8230;&#8230;&#8230;&#8230;&#8230;&#8230;&#8230;&#8230;<\/p>\n<p><span style=\"font-family: 'Arial',sans-serif;\">Garanta mais oportunidades por <strong>Convite<\/strong>!<\/span><\/p>\n<p>Ao subscrever este servi\u00e7o garantimos o aumento exponencial da sua atividade em Contrata\u00e7\u00e3o P\u00fablica, bem como o acesso \u00e0s seguintes vantagens:<\/p>\n<p>\u2022 Aumento do n\u00famero de Convites na sua \u00e1rea de neg\u00f3cio<br \/>\n\u2022 Visualiza\u00e7\u00e3o direta da sua Empresa pelas Entidades Adjudicantes<br \/>\n\u2022 Divulga\u00e7\u00e3o autom\u00e1tica dos seus produtos\/servi\u00e7os \u00e0s Entidades P\u00fablicas<br \/>\n\u2022 Caracteriza\u00e7\u00e3o completa da sua organiza\u00e7\u00e3o<br \/>\n\u2022 Aumento dos Convites por Ajuste Direto Simplificado, Ajuste Direto e Consulta Pr\u00e9via<\/p>\n","protected":false},"featured_media":832,"template":"","meta":[],"product_cat":[23],"product_tag":[],"class_list":{"0":"post-831","1":"product","2":"type-product","3":"status-publish","4":"has-post-thumbnail","6":"product_cat-convites","8":"first","9":"instock","10":"virtual","11":"taxable","12":"purchasable","13":"product-type-simple"},"_links":{"self":[{"href":"https:\/\/anogov.com\/home\/wp-json\/wp\/v2\/product\/831"}],"collection":[{"href":"https:\/\/anogov.com\/home\/wp-json\/wp\/v2\/product"}],"about":[{"href":"https:\/\/anogov.com\/home\/wp-json\/wp\/v2\/types\/product"}],"wp:featuredmedia":[{"embeddable":true,"href":"https:\/\/anogov.com\/home\/wp-json\/wp\/v2\/media\/832"}],"wp:attachment":[{"href":"https:\/\/anogov.com\/home\/wp-json\/wp\/v2\/media?parent=831"}],"wp:term":[{"taxonomy":"product_cat","embeddable":true,"href":"https:\/\/anogov.com\/home\/wp-json\/wp\/v2\/product_cat?post=831"},{"taxonomy":"product_tag","embeddable":true,"href":"https:\/\/anogov.com\/home\/wp-json\/wp\/v2\/product_tag?post=831"}],"curies":[{"name":"wp","href":"https:\/\/api.w.org\/{rel}","templated":true}]}}