{"id":819,"date":"2024-08-06T10:43:31","date_gmt":"2024-08-06T10:43:31","guid":{"rendered":"https:\/\/anogov.com\/home\/?post_type=product&#038;p=819"},"modified":"2025-02-05T11:43:16","modified_gmt":"2025-02-05T11:43:16","slug":"alertas-de-concursos-publicos","status":"publish","type":"product","link":"https:\/\/anogov.com\/home\/produto\/alertas-de-concursos-publicos\/","title":{"rendered":"Alertas de Concursos P\u00fablicos &#8211; 1 ano"},"content":{"rendered":"","protected":false},"excerpt":{"rendered":"<p><em>Para entidades estrangeiras, ao valor supramencionado acrescem taxas internacionais.\u00a0<\/em><\/p>\n<p>&#8230;&#8230;&#8230;&#8230;&#8230;&#8230;&#8230;&#8230;<\/p>\n<p>Alertas de Concursos P\u00fablicos de TODAS as Plataformas!<\/p>\n<p>Para o ajudar a captar os Concursos P\u00fablicos que melhor se adequam \u00e0 \u00e1rea de neg\u00f3cio da sua empresa, sejam eles de n\u00edvel nacional ou internacional, apresentamos o servi\u00e7o de <strong>Alertas de Concursos P\u00fablicos<\/strong>.<br \/>\nCom este servi\u00e7o passar\u00e1 a receber diariamente, via e-mail, informa\u00e7\u00e3o sobre todos os Concursos P\u00fablicos lan\u00e7ados nas diferentes plataformas eletr\u00f3nicas de Contrata\u00e7\u00e3o P\u00fablica do mercado.<\/p>\n","protected":false},"featured_media":820,"template":"","meta":[],"product_cat":[22],"product_tag":[],"class_list":{"0":"post-819","1":"product","2":"type-product","3":"status-publish","4":"has-post-thumbnail","6":"product_cat-alertas-de-concursos-publicos","8":"first","9":"instock","10":"virtual","11":"taxable","12":"purchasable","13":"product-type-simple"},"_links":{"self":[{"href":"https:\/\/anogov.com\/home\/wp-json\/wp\/v2\/product\/819"}],"collection":[{"href":"https:\/\/anogov.com\/home\/wp-json\/wp\/v2\/product"}],"about":[{"href":"https:\/\/anogov.com\/home\/wp-json\/wp\/v2\/types\/product"}],"wp:featuredmedia":[{"embeddable":true,"href":"https:\/\/anogov.com\/home\/wp-json\/wp\/v2\/media\/820"}],"wp:attachment":[{"href":"https:\/\/anogov.com\/home\/wp-json\/wp\/v2\/media?parent=819"}],"wp:term":[{"taxonomy":"product_cat","embeddable":true,"href":"https:\/\/anogov.com\/home\/wp-json\/wp\/v2\/product_cat?post=819"},{"taxonomy":"product_tag","embeddable":true,"href":"https:\/\/anogov.com\/home\/wp-json\/wp\/v2\/product_tag?post=819"}],"curies":[{"name":"wp","href":"https:\/\/api.w.org\/{rel}","templated":true}]}}