{"id":754,"date":"2023-06-30T13:27:43","date_gmt":"2023-06-30T12:27:43","guid":{"rendered":"https:\/\/anogov.com\/home\/?post_type=product&#038;p=754"},"modified":"2025-01-24T12:43:07","modified_gmt":"2025-01-24T12:43:07","slug":"adesao-anogov-base","status":"publish","type":"product","link":"https:\/\/anogov.com\/home\/produto\/adesao-anogov-base\/","title":{"rendered":"Ades\u00e3o anoGov &#8211; Base"},"content":{"rendered":"","protected":false},"excerpt":{"rendered":"<p><em>Para entidades estrangeiras, ao valor supramencionado acrescem taxas internacionais e de expedi\u00e7\u00e3o.\u00a0<\/em><\/p>\n<p>&#8230;&#8230;&#8230;&#8230;&#8230;&#8230;&#8230;&#8230;<\/p>\n<p>Garanta o sucesso em Contrata\u00e7\u00e3o P\u00fablica!<\/p>\n<p><strong>Servi\u00e7os inclu\u00eddos<\/strong><\/p>\n<ul>\n<li>Registo \u00danico<\/li>\n<li>200 Selos Interoper\u00e1veis<\/li>\n<li>Certificado Digital Qualificado<\/li>\n<li>Anosigner<\/li>\n<li>1 Liga\u00e7\u00e3o Remota (Dura\u00e7\u00e3o de 15\u00b4\/sess\u00e3o)<\/li>\n<li>Gestor Dedicado<\/li>\n<\/ul>\n<p>&nbsp;<\/p>\n<p>&nbsp;<\/p>\n","protected":false},"featured_media":5568,"template":"","meta":[],"product_cat":[104,21],"product_tag":[],"class_list":{"0":"post-754","1":"product","2":"type-product","3":"status-publish","4":"has-post-thumbnail","6":"product_cat-pack-de-adesao-anogov-base","7":"product_cat-packs-de-adesao-anogov","9":"first","10":"instock","11":"taxable","12":"shipping-taxable","13":"purchasable","14":"product-type-simple"},"_links":{"self":[{"href":"https:\/\/anogov.com\/home\/wp-json\/wp\/v2\/product\/754"}],"collection":[{"href":"https:\/\/anogov.com\/home\/wp-json\/wp\/v2\/product"}],"about":[{"href":"https:\/\/anogov.com\/home\/wp-json\/wp\/v2\/types\/product"}],"wp:featuredmedia":[{"embeddable":true,"href":"https:\/\/anogov.com\/home\/wp-json\/wp\/v2\/media\/5568"}],"wp:attachment":[{"href":"https:\/\/anogov.com\/home\/wp-json\/wp\/v2\/media?parent=754"}],"wp:term":[{"taxonomy":"product_cat","embeddable":true,"href":"https:\/\/anogov.com\/home\/wp-json\/wp\/v2\/product_cat?post=754"},{"taxonomy":"product_tag","embeddable":true,"href":"https:\/\/anogov.com\/home\/wp-json\/wp\/v2\/product_tag?post=754"}],"curies":[{"name":"wp","href":"https:\/\/api.w.org\/{rel}","templated":true}]}}