{"id":748,"date":"2023-06-30T11:48:19","date_gmt":"2023-06-30T10:48:19","guid":{"rendered":"https:\/\/anogov.com\/home\/?post_type=product&#038;p=748"},"modified":"2025-01-24T12:43:38","modified_gmt":"2025-01-24T12:43:38","slug":"adesao-anogov-avancada","status":"publish","type":"product","link":"https:\/\/anogov.com\/home\/produto\/adesao-anogov-avancada\/","title":{"rendered":"Ades\u00e3o anoGov &#8211; Avan\u00e7ada"},"content":{"rendered":"","protected":false},"excerpt":{"rendered":"<p><em>Para entidades estrangeiras, ao valor supramencionado acrescem taxas internacionais e de expedi\u00e7\u00e3o.\u00a0<\/em><\/p>\n<p>&#8230;&#8230;&#8230;&#8230;&#8230;&#8230;&#8230;&#8230;<\/p>\n<p>Garanta o sucesso em Contrata\u00e7\u00e3o P\u00fablica!<\/p>\n<p><strong>Servi\u00e7os inclu\u00eddos<\/strong><\/p>\n<ul>\n<li>Registo \u00danico<\/li>\n<li>500 Selos Interoper\u00e1veis<\/li>\n<li>Certificado Digital Qualificado<\/li>\n<li>Anosigner<\/li>\n<li>3 Liga\u00e7\u00f5es Remotas (Dura\u00e7\u00e3o de 15\u00b4\/sess\u00e3o)<\/li>\n<li>Gestor Dedicado<\/li>\n<li>EfaturaGov (Inclui <em>Pack<\/em> de 100 Preserva\u00e7\u00f5es)<\/li>\n<li>+Convites<\/li>\n<li>Alertas Di\u00e1rias de Concursos P\u00fablicos<\/li>\n<\/ul>\n<p>&nbsp;<\/p>\n","protected":false},"featured_media":5567,"template":"","meta":[],"product_cat":[105],"product_tag":[],"class_list":{"0":"post-748","1":"product","2":"type-product","3":"status-publish","4":"has-post-thumbnail","6":"product_cat-pack-de-adesao-anogov-avancada","8":"first","9":"instock","10":"virtual","11":"taxable","12":"purchasable","13":"product-type-simple"},"_links":{"self":[{"href":"https:\/\/anogov.com\/home\/wp-json\/wp\/v2\/product\/748"}],"collection":[{"href":"https:\/\/anogov.com\/home\/wp-json\/wp\/v2\/product"}],"about":[{"href":"https:\/\/anogov.com\/home\/wp-json\/wp\/v2\/types\/product"}],"wp:featuredmedia":[{"embeddable":true,"href":"https:\/\/anogov.com\/home\/wp-json\/wp\/v2\/media\/5567"}],"wp:attachment":[{"href":"https:\/\/anogov.com\/home\/wp-json\/wp\/v2\/media?parent=748"}],"wp:term":[{"taxonomy":"product_cat","embeddable":true,"href":"https:\/\/anogov.com\/home\/wp-json\/wp\/v2\/product_cat?post=748"},{"taxonomy":"product_tag","embeddable":true,"href":"https:\/\/anogov.com\/home\/wp-json\/wp\/v2\/product_tag?post=748"}],"curies":[{"name":"wp","href":"https:\/\/api.w.org\/{rel}","templated":true}]}}