{"id":746,"date":"2024-08-07T11:33:58","date_gmt":"2024-08-07T11:33:58","guid":{"rendered":"https:\/\/anogov.com\/home\/?post_type=product&#038;p=746"},"modified":"2025-02-05T11:43:06","modified_gmt":"2025-02-05T11:43:06","slug":"registo-unico","status":"publish","type":"product","link":"https:\/\/anogov.com\/home\/produto\/registo-unico\/","title":{"rendered":"Registo \u00danico &#8211; 1 ano"},"content":{"rendered":"","protected":false},"excerpt":{"rendered":"<p><em>Para entidades estrangeiras, ao valor supramencionado acrescem taxas internacionais.\u00a0<\/em><\/p>\n<p>&#8230;&#8230;&#8230;&#8230;&#8230;&#8230;&#8230;&#8230;<\/p>\n<p>Garanta o <em>login<\/em> imediato em todas as Entidades Adjudicantes anoGov!<\/p>\n<p>O <strong>Registo \u00danico<\/strong> \u00e9 um servi\u00e7o avan\u00e7ado que garante aos fornecedores o <em>login<\/em> imediato e autom\u00e1tico em todas as plataformas dos nossos clientes, bem como em qualquer nova entidade adjudicante anoGov.<\/p>\n<ul>\n<li>Torne-se automaticamente num Fornecedor + e usufrua de condi\u00e7\u00f5es mais vantajosas<\/li>\n<li>Aumente a visibilidade da sua empresa junto das Entidades Adjudicantes<\/li>\n<li>Aumente a probabilidade de ser convidado para Ajustes Diretos<\/li>\n<li>Facilite a utiliza\u00e7\u00e3o da plataforma: Filtros de pesquisa avan\u00e7ada e download em s\u00e9rie<\/li>\n<li>Usufrua de um atendimento por uma equipa de apoio t\u00e9cnico e comercial especializada<\/li>\n<\/ul>\n","protected":false},"featured_media":752,"template":"","meta":[],"product_cat":[19],"product_tag":[],"class_list":{"0":"post-746","1":"product","2":"type-product","3":"status-publish","4":"has-post-thumbnail","6":"product_cat-registo-unico","8":"first","9":"instock","10":"virtual","11":"taxable","12":"purchasable","13":"product-type-simple"},"_links":{"self":[{"href":"https:\/\/anogov.com\/home\/wp-json\/wp\/v2\/product\/746"}],"collection":[{"href":"https:\/\/anogov.com\/home\/wp-json\/wp\/v2\/product"}],"about":[{"href":"https:\/\/anogov.com\/home\/wp-json\/wp\/v2\/types\/product"}],"wp:featuredmedia":[{"embeddable":true,"href":"https:\/\/anogov.com\/home\/wp-json\/wp\/v2\/media\/752"}],"wp:attachment":[{"href":"https:\/\/anogov.com\/home\/wp-json\/wp\/v2\/media?parent=746"}],"wp:term":[{"taxonomy":"product_cat","embeddable":true,"href":"https:\/\/anogov.com\/home\/wp-json\/wp\/v2\/product_cat?post=746"},{"taxonomy":"product_tag","embeddable":true,"href":"https:\/\/anogov.com\/home\/wp-json\/wp\/v2\/product_tag?post=746"}],"curies":[{"name":"wp","href":"https:\/\/api.w.org\/{rel}","templated":true}]}}