{"id":7392,"date":"2025-04-22T11:30:02","date_gmt":"2025-04-22T11:30:02","guid":{"rendered":"https:\/\/anogov.com\/home\/?post_type=product&#038;p=7392"},"modified":"2025-06-05T11:20:46","modified_gmt":"2025-06-05T11:20:46","slug":"contratacao-publica-dossie-digital","status":"publish","type":"product","link":"https:\/\/anogov.com\/home\/produto\/contratacao-publica-dossie-digital\/","title":{"rendered":"Contrata\u00e7\u00e3o P\u00fablica &#8211; Dossi\u00ea Digital"},"content":{"rendered":"<p>O dossi\u00ea inclui:<\/p>\n<ul type=\"disc\">\n<li><b>Enquadramento legal<\/b> claro e acess\u00edvel: sobre os conceitos fundamentais da Contrata\u00e7\u00e3o P\u00fablica, as principais tipologias de procedimentos e respetivas fases, documentos das propostas, etc.<\/li>\n<li><b>Guia pr\u00e1tico para operar em todas as plataformas eletr\u00f3nicas de Contrata\u00e7\u00e3o P\u00fablica<\/b>, nomeadamente: anoGov, acinGov, ComprasPT e VORTALgov<\/li>\n<li><b>Minutas\/<em>Templates<\/em><\/b><em>\u00a0<\/em>para apoio na tramita\u00e7\u00e3o dos procedimentos<\/li>\n<li><b>Boas pr\u00e1ticas para evitar erros\u00a0<\/b>que comprometam candidaturas e propostas<\/li>\n<li>Estrat\u00e9gias para\u00a0<b>maximizar oportunidades de neg\u00f3cio<\/b>\u00a0com o setor p\u00fablico<\/li>\n<\/ul>\n","protected":false},"excerpt":{"rendered":"<p><strong>G<\/strong><b>uia completo, pr\u00e1tico e atualizado<\/b>, que re\u00fane o\u00a0<b><u>conte\u00fado jur\u00eddico e pr\u00e1tico<\/u><\/b> indispens\u00e1vel para o sucesso das empresas em Contrata\u00e7\u00e3o P\u00fablica.<\/p>\n","protected":false},"featured_media":4419,"template":"","meta":[],"product_cat":[117],"product_tag":[119],"class_list":{"0":"post-7392","1":"product","2":"type-product","3":"status-publish","4":"has-post-thumbnail","6":"product_cat-dossie-digital","7":"product_tag-novidade-preco-de-lancamento","9":"first","10":"instock","11":"taxable","12":"shipping-taxable","13":"purchasable","14":"product-type-simple"},"_links":{"self":[{"href":"https:\/\/anogov.com\/home\/wp-json\/wp\/v2\/product\/7392"}],"collection":[{"href":"https:\/\/anogov.com\/home\/wp-json\/wp\/v2\/product"}],"about":[{"href":"https:\/\/anogov.com\/home\/wp-json\/wp\/v2\/types\/product"}],"wp:featuredmedia":[{"embeddable":true,"href":"https:\/\/anogov.com\/home\/wp-json\/wp\/v2\/media\/4419"}],"wp:attachment":[{"href":"https:\/\/anogov.com\/home\/wp-json\/wp\/v2\/media?parent=7392"}],"wp:term":[{"taxonomy":"product_cat","embeddable":true,"href":"https:\/\/anogov.com\/home\/wp-json\/wp\/v2\/product_cat?post=7392"},{"taxonomy":"product_tag","embeddable":true,"href":"https:\/\/anogov.com\/home\/wp-json\/wp\/v2\/product_tag?post=7392"}],"curies":[{"name":"wp","href":"https:\/\/api.w.org\/{rel}","templated":true}]}}