{"id":6706,"date":"2025-02-05T16:35:46","date_gmt":"2025-02-05T16:35:46","guid":{"rendered":"https:\/\/anogov.com\/home\/?post_type=product&#038;p=6706"},"modified":"2025-05-05T08:54:11","modified_gmt":"2025-05-05T08:54:11","slug":"bolsa-de-formacao-ate-10-participantes","status":"publish","type":"product","link":"https:\/\/anogov.com\/home\/produto\/bolsa-de-formacao-ate-10-participantes\/","title":{"rendered":"Bolsa de Forma\u00e7\u00e3o (at\u00e9 10 participantes)"},"content":{"rendered":"<p>Tendo como premissa apoiar as empresas no aumento da produtividade e competitividade, preparamos uma bolsa de forma\u00e7\u00e3o exclusiva, cujo objetivo principal \u00e9 promover a forma\u00e7\u00e3o cont\u00ednua, garantindo a capacita\u00e7\u00e3o e qualifica\u00e7\u00e3o dos trabalhadores.<\/p>\n<p>A nossa oferta formativa inclui dezenas de cursos abrangendo as diversas \u00e1reas de neg\u00f3cio onde atuamos, nomeadamente:<\/p>\n<ul>\n<li>Contrata\u00e7\u00e3o P\u00fablica<\/li>\n<li>Urbanismo<\/li>\n<li>Sistemas de Informa\u00e7\u00e3o<\/li>\n<li>Ciberseguran\u00e7a<\/li>\n<li>Recursos Humanos<\/li>\n<li>Administrativa<\/li>\n<li>Financeira<\/li>\n<li>Contraordena\u00e7\u00f5es<\/li>\n<\/ul>\n<p>&nbsp;<\/p>\n<h4><strong>PRINCIPAIS VANTAGENS<\/strong><\/h4>\n<ol>\n<li>Acesso a TODAS as forma\u00e7\u00f5es a realizar durante o per\u00edodo de 1 ano<\/li>\n<li>Possibilidade de definir o(s) participante(s) por a\u00e7\u00e3o<\/li>\n<li>Grande redu\u00e7\u00e3o de custos<\/li>\n<li>Garantia do n\u00famero m\u00ednimo anual de horas de forma\u00e7\u00e3o (40h\/pax), estipulado pelo C\u00f3digo do Trabalho (Lei n.\u00ba 93\/2019)<\/li>\n<li>Possibilidade de propor\/sugerir temas, dentro da nossa oferta formativa, para futuras academias<\/li>\n<\/ol>\n<p>&nbsp;<\/p>\n<p><strong>Consulte a nossa oferta formativa em <a href=\"https:\/\/academiacapacitar.pt\/\" target=\"_blank\" rel=\"noopener\">academiacapacitar.pt<\/a>.<\/strong><\/p>\n","protected":false},"excerpt":{"rendered":"<p>Acesso a TODAS as forma\u00e7\u00f5es a realizar durante o per\u00edodo de 1 ano.<\/p>\n<p>V\u00e1lido at\u00e9 10 Participantes.<strong><br \/>\n<\/strong><\/p>\n","protected":false},"featured_media":7452,"template":"","meta":[],"product_cat":[118],"product_tag":[],"class_list":{"0":"post-6706","1":"product","2":"type-product","3":"status-publish","4":"has-post-thumbnail","6":"product_cat-bolsa","8":"first","9":"instock","10":"sale","11":"taxable","12":"shipping-taxable","13":"purchasable","14":"product-type-simple"},"_links":{"self":[{"href":"https:\/\/anogov.com\/home\/wp-json\/wp\/v2\/product\/6706"}],"collection":[{"href":"https:\/\/anogov.com\/home\/wp-json\/wp\/v2\/product"}],"about":[{"href":"https:\/\/anogov.com\/home\/wp-json\/wp\/v2\/types\/product"}],"wp:featuredmedia":[{"embeddable":true,"href":"https:\/\/anogov.com\/home\/wp-json\/wp\/v2\/media\/7452"}],"wp:attachment":[{"href":"https:\/\/anogov.com\/home\/wp-json\/wp\/v2\/media?parent=6706"}],"wp:term":[{"taxonomy":"product_cat","embeddable":true,"href":"https:\/\/anogov.com\/home\/wp-json\/wp\/v2\/product_cat?post=6706"},{"taxonomy":"product_tag","embeddable":true,"href":"https:\/\/anogov.com\/home\/wp-json\/wp\/v2\/product_tag?post=6706"}],"curies":[{"name":"wp","href":"https:\/\/api.w.org\/{rel}","templated":true}]}}