{"id":6680,"date":"2025-02-05T11:17:33","date_gmt":"2025-02-05T11:17:33","guid":{"rendered":"https:\/\/anogov.com\/home\/?post_type=product&#038;p=6680"},"modified":"2025-02-05T11:40:19","modified_gmt":"2025-02-05T11:40:19","slug":"pack-1-200-selos-interoperaveis","status":"publish","type":"product","link":"https:\/\/anogov.com\/home\/produto\/pack-1-200-selos-interoperaveis\/","title":{"rendered":"Pack 1.200 Selos Interoper\u00e1veis"},"content":{"rendered":"","protected":false},"excerpt":{"rendered":"<p><em>Para entidades estrangeiras, ao valor supramencionado acrescem taxas internacionais.\u00a0<\/em><\/p>\n<p>&nbsp;<\/p>\n<p>Adquira Mais selos interoper\u00e1veis pelo Menor custo!<\/p>\n<p>Os <strong>Selos Interoper\u00e1veis<\/strong> permitem-lhe submeter documentos em qualquer plataforma<\/p>\n<ul>\n<li>Disponibiliza\u00e7\u00e3o r\u00e1pida e simples<\/li>\n<li>Garantia do custo mais baixo do mercado<\/li>\n<li>Validade 2 anos<\/li>\n<\/ul>\n<p>&#8212;&#8212;<br \/>\nEnquadramento legal<br \/>\nA Lei n.\u00ba 96\/2015 de 17 de agosto, que regula as Plataformas Eletr\u00f3nicas de Contrata\u00e7\u00e3o P\u00fablica, clarifica inequivocamente a necessidade de todos os documentos submetidos serem assinados digitalmente por si, com recurso a certificados digitais qualificados.<\/p>\n","protected":false},"featured_media":1655,"template":"","meta":[],"product_cat":[96],"product_tag":[],"class_list":{"0":"post-6680","1":"product","2":"type-product","3":"status-publish","4":"has-post-thumbnail","6":"product_cat-selos","8":"first","9":"instock","10":"virtual","11":"taxable","12":"purchasable","13":"product-type-simple"},"_links":{"self":[{"href":"https:\/\/anogov.com\/home\/wp-json\/wp\/v2\/product\/6680"}],"collection":[{"href":"https:\/\/anogov.com\/home\/wp-json\/wp\/v2\/product"}],"about":[{"href":"https:\/\/anogov.com\/home\/wp-json\/wp\/v2\/types\/product"}],"wp:featuredmedia":[{"embeddable":true,"href":"https:\/\/anogov.com\/home\/wp-json\/wp\/v2\/media\/1655"}],"wp:attachment":[{"href":"https:\/\/anogov.com\/home\/wp-json\/wp\/v2\/media?parent=6680"}],"wp:term":[{"taxonomy":"product_cat","embeddable":true,"href":"https:\/\/anogov.com\/home\/wp-json\/wp\/v2\/product_cat?post=6680"},{"taxonomy":"product_tag","embeddable":true,"href":"https:\/\/anogov.com\/home\/wp-json\/wp\/v2\/product_tag?post=6680"}],"curies":[{"name":"wp","href":"https:\/\/api.w.org\/{rel}","templated":true}]}}