{"id":6662,"date":"2025-07-08T11:34:15","date_gmt":"2025-07-08T11:34:15","guid":{"rendered":"https:\/\/anogov.com\/home\/?post_type=product&#038;p=6662"},"modified":"2025-12-12T17:24:29","modified_gmt":"2025-12-12T17:24:29","slug":"contratacao-publica-para-empresas","status":"publish","type":"product","link":"https:\/\/anogov.com\/home\/produto\/contratacao-publica-para-empresas\/","title":{"rendered":"Contrata\u00e7\u00e3o P\u00fablica para Empresas"},"content":{"rendered":"<h3><strong>OBJETIVOS<\/strong><\/h3>\n<p>Destinada a todos os fornecedores do setor p\u00fablico (Operadores Econ\u00f3micos), preparamos uma a\u00e7\u00e3o de forma\u00e7\u00e3o que visa capacitar os participantes com os conhecimentos necess\u00e1rios para a correta\u00a0<u>tramita\u00e7\u00e3o geral dos procedimentos<\/u>\u00a0de Contrata\u00e7\u00e3o P\u00fablica, nomeadamente no que respeita a:\u00a0<strong>compreens\u00e3o das pe\u00e7as do procedimento<\/strong>,\u00a0<strong>prepara\u00e7\u00e3o e submiss\u00e3o da proposta<\/strong>,\u00a0<strong>rea\u00e7\u00e3o em audi\u00eancia pr\u00e9via<\/strong>\u00a0e\u00a0<strong>adjudica\u00e7\u00e3o<\/strong>.<\/p>\n<p>De forma a seguir todas as fases e etapas de um procedimento de Contrata\u00e7\u00e3o P\u00fablica, a forma\u00e7\u00e3o abordar\u00e1 in\u00fameros temas. Os temas ser\u00e3o acompanhados da\u00a0<strong>disponibiliza\u00e7\u00e3o de minutas\/<em>templates\u00a0<\/em><\/strong>que servir\u00e3o de apoio futuro na tramita\u00e7\u00e3o dos procedimentos de Contrata\u00e7\u00e3o P\u00fablica. Alguns exemplos:<\/p>\n<ul>\n<li>Declara\u00e7\u00e3o de Honra dos Relacionamentos Especiais<\/li>\n<li>Lista de Apresenta\u00e7\u00e3o de Esclarecimentos<\/li>\n<li>Lista de Apresenta\u00e7\u00e3o de Erros e Omiss\u00f5es<\/li>\n<li>Pedido de Prorroga\u00e7\u00e3o de Prazo para Apresenta\u00e7\u00e3o de Propostas<\/li>\n<li>Pedido de Classifica\u00e7\u00e3o de Documentos<\/li>\n<li>Declara\u00e7\u00e3o de Aceita\u00e7\u00e3o do Caderno de Encargos (Anexo I)<\/li>\n<li>Pron\u00fancia em Audi\u00eancia Pr\u00e9via<\/li>\n<li>Documento de Habilita\u00e7\u00e3o (Anexo II)<\/li>\n<li>Reclama\u00e7\u00e3o sobre a Minuta do Contrato<\/li>\n<li>Cau\u00e7\u00e3o<\/li>\n<\/ul>\n<p>Inscreva-se nesta a\u00e7\u00e3o, a realizar em formato\u00a0<em>on-line<\/em>, e tire proveito do conhecimento e experi\u00eancia de um\u00a0<strong>especialista, a n\u00edvel nacional, em Contrata\u00e7\u00e3o P\u00fablica.<\/strong><\/p>\n<h3><strong>FORMADOR<\/strong><\/h3>\n<p>Dr. Bruno Tabaio<\/p>\n<p>Advogado, formador e consultor em contrata\u00e7\u00e3o p\u00fablica, contabilizando 12 anos de experi\u00eancia profissional em organismos de direito p\u00fablico (incluindo as compet\u00eancias de Respons\u00e1vel da \u00c1rea da Contrata\u00e7\u00e3o P\u00fablica) e em advocacia. No \u00e2mbito acad\u00e9mico, \u00e9 mestre em Direito Administrativo e possui 2 p\u00f3s-gradua\u00e7\u00f5es (pela Universidade de Lisboa e pela Universidade Cat\u00f3lica Portuguesa) e certificado de compet\u00eancias pedag\u00f3gicas.<\/p>\n<h3><strong>DESTINAT\u00c1RIOS<\/strong><\/h3>\n<p>Esta a\u00e7\u00e3o de forma\u00e7\u00e3o destina-se a todos os operadores econ\u00f3micos (fornecedores do Estado) que interv\u00eam em processos de contrata\u00e7\u00e3o publica, bem como qualquer potencial interessado que pretenda desenvolver os seus conhecimentos e compet\u00eancias nesta \u00e1rea de forma\u00e7\u00e3o.<\/p>\n<h3><strong>PROGRAMA<\/strong><\/h3>\n<p>Descarregue <a href=\"https:\/\/academiacapacitar.pt\/wp-content\/uploads\/Contratacao-Publica-para-Empresas-programa.pdf\">aqui<\/a>.<\/p>\n<h3><strong>CONDI\u00c7\u00d5ES DE PARTICIPA\u00c7\u00c3O<\/strong><\/h3>\n<p><strong>Inscri\u00e7\u00e3o<\/strong><\/p>\n<p>Os interessados em participar nesta forma\u00e7\u00e3o devem preencher o formul\u00e1rio de inscri\u00e7\u00e3o. Ap\u00f3s a submiss\u00e3o do mesmo ser\u00e1 contactado, de modo a proceder \u00e0 conclus\u00e3o da inscri\u00e7\u00e3o e respetivo pagamento. As inscri\u00e7\u00f5es devem ser efetuadas at\u00e9 24 horas antes da realiza\u00e7\u00e3o da forma\u00e7\u00e3o, ficando sujeitas a confirma\u00e7\u00e3o.<\/p>\n<p>A participa\u00e7\u00e3o \u00e9 limitada aos formandos identificados no formul\u00e1rio de inscri\u00e7\u00e3o. Caso se verifique a presen\u00e7a\/participa\u00e7\u00e3o de terceiros, n\u00e3o devidamente inscritos, a organiza\u00e7\u00e3o reserva-se o direito de emitir e cobrar a fatura correspondente ao n\u00famero adicional de participantes identificados.<\/p>\n<p><strong>Altera\u00e7\u00e3o<\/strong><\/p>\n<p>Em caso de necessidade de altera\u00e7\u00e3o, o pedido fica sujeito \u00e0s datas e vagas dispon\u00edveis n\u00e3o havendo lugar ao reembolso de qualquer valor pago.<\/p>\n<p><strong>Cancelamento<\/strong><\/p>\n<p>O cancelamento da inscri\u00e7\u00e3o est\u00e1 sujeito \u00e0 cobran\u00e7a de uma taxa de 40% relativa a despesas administrativas.<\/p>\n<p><strong>Outras condi\u00e7\u00f5es<\/strong><\/p>\n<p>A organiza\u00e7\u00e3o reserva-se no direito de n\u00e3o realizar a forma\u00e7\u00e3o na data prevista, caso n\u00e3o seja alcan\u00e7ado um n\u00famero m\u00ednimo de participantes.<\/p>\n<p>&nbsp;<\/p>\n<p><strong>Consulte a nossa oferta formativa em <a href=\"https:\/\/academiacapacitar.pt\/\" target=\"_blank\" rel=\"noopener\">academiacapacitar.pt<\/a>.<\/strong><\/p>\n","protected":false},"excerpt":{"rendered":"<p><em><strong>Valor por participante<\/strong><br \/>\n<\/em><\/p>\n<p><strong>Dura\u00e7\u00e3o<br \/>\n7 horas <\/strong>(09h30 \u00e0s 18h00)<strong><br \/>\n<\/strong><\/p>\n<p><strong>Formato<\/strong><br \/>\nOn-line<\/p>\n<p><strong>Data<\/strong><br \/>\nData a definir<\/p>\n","protected":false},"featured_media":6703,"template":"","meta":[],"product_cat":[111],"product_tag":[],"class_list":{"0":"post-6662","1":"product","2":"type-product","3":"status-publish","4":"has-post-thumbnail","6":"product_cat-formacao","8":"first","9":"instock","10":"taxable","11":"shipping-taxable","12":"purchasable","13":"product-type-simple"},"_links":{"self":[{"href":"https:\/\/anogov.com\/home\/wp-json\/wp\/v2\/product\/6662"}],"collection":[{"href":"https:\/\/anogov.com\/home\/wp-json\/wp\/v2\/product"}],"about":[{"href":"https:\/\/anogov.com\/home\/wp-json\/wp\/v2\/types\/product"}],"wp:featuredmedia":[{"embeddable":true,"href":"https:\/\/anogov.com\/home\/wp-json\/wp\/v2\/media\/6703"}],"wp:attachment":[{"href":"https:\/\/anogov.com\/home\/wp-json\/wp\/v2\/media?parent=6662"}],"wp:term":[{"taxonomy":"product_cat","embeddable":true,"href":"https:\/\/anogov.com\/home\/wp-json\/wp\/v2\/product_cat?post=6662"},{"taxonomy":"product_tag","embeddable":true,"href":"https:\/\/anogov.com\/home\/wp-json\/wp\/v2\/product_tag?post=6662"}],"curies":[{"name":"wp","href":"https:\/\/api.w.org\/{rel}","templated":true}]}}