{"id":6437,"date":"2025-01-06T11:20:55","date_gmt":"2025-01-06T11:20:55","guid":{"rendered":"https:\/\/anogov.com\/home\/?post_type=product&#038;p=6437"},"modified":"2026-03-19T16:39:22","modified_gmt":"2026-03-19T16:39:22","slug":"formacao-pratica-em-todas-as-plataformas-de-contratacao-publica-nacionais","status":"publish","type":"product","link":"https:\/\/anogov.com\/home\/produto\/formacao-pratica-em-todas-as-plataformas-de-contratacao-publica-nacionais\/","title":{"rendered":"Forma\u00e7\u00e3o Pr\u00e1tica em Todas as Plataformas de Contrata\u00e7\u00e3o P\u00fablica Nacionais"},"content":{"rendered":"<h3><strong>OBJETIVOS<\/strong><\/h3>\n<p>Face ao interesse e grande ades\u00e3o registados nas \u00faltimas edi\u00e7\u00f5es, \u00e9 com agrado que divulgamos a 23.\u00aa Edi\u00e7\u00e3o desta forma\u00e7\u00e3o pr\u00e1tica. Trata-se de uma forma\u00e7\u00e3o \u00fanica no mercado e visa dotar os participantes de mais e melhores conhecimentos sobre as diferentes plataformas que operam em Portugal. A saber:\u00a0<b>acinGov, anoGov, ComprasPT e VORTALgov \/ VortalVision (saphetygov)<\/b>.<\/p>\n<p>Esta a\u00e7\u00e3o de forma\u00e7\u00e3o tem como principais objetivos tornar mais simples e c\u00e9lere a utiliza\u00e7\u00e3o das plataformas e o processo de submiss\u00e3o de propostas,\u00a0garantindo, deste modo,\u00a0uma\u00a0<b>maior taxa de sucesso aos fornecedores do Estado<\/b>.<\/p>\n<p>O programa da sess\u00e3o abrange uma grande variedade de temas e visa responder a quest\u00f5es com que os operadores econ\u00f3micos se deparam no dia a dia, com especial destaque para:<\/p>\n<ul>\n<li>Quais os requisitos t\u00e9cnicos para utiliza\u00e7\u00e3o das plataformas eletr\u00f3nicas?<\/li>\n<li>Como parametrizar os selos interoper\u00e1veis em cada plataforma?<\/li>\n<li>Qual o procedimento a seguir para eliminar\/retificar uma proposta?<\/li>\n<li>Como submeter propostas, pron\u00fancias e\/ou documentos de habilita\u00e7\u00e3o?<\/li>\n<\/ul>\n<p><b>Esclare\u00e7a estas e muitas outras quest\u00f5es participando nesta a\u00e7\u00e3o de forma\u00e7\u00e3o inteiramente dedicada\u00a0aos fornecedores do estado\/operadores econ\u00f3micos<\/b>. Invista na forma\u00e7\u00e3o e tire partido da experi\u00eancia e do conhecimento de uma\u00a0<b>especialista em Contrata\u00e7\u00e3o P\u00fablica.<\/b><\/p>\n<h3><strong>FORMADOR<\/strong><\/h3>\n<p>Dra. Paula Moutinho<\/p>\n<p>Licenciada em Assessoria de Gest\u00e3o, exerce fun\u00e7\u00f5es nessa mesma \u00e1rea h\u00e1 mais de 20 anos, acumulando fun\u00e7\u00f5es na assessoria ao Departamento Comercial, no \u00e2mbito da Contrata\u00e7\u00e3o P\u00fablica.<\/p>\n<h3><strong>DESTINAT\u00c1RIOS<\/strong><\/h3>\n<p>Esta a\u00e7\u00e3o de forma\u00e7\u00e3o destina-se a\u00a0<strong>entidades privadas<\/strong>\u00a0sujeitas ao regime do C\u00f3digo dos Contratos P\u00fablicos (CCP), bem como a qualquer potencial interessado que pretenda desenvolver os seus conhecimentos e compet\u00eancias nesta \u00e1rea de forma\u00e7\u00e3o.<\/p>\n<h3><strong>PROGRAMA<\/strong><\/h3>\n<p>Descarregue <a href=\"http:\/\/chrome-extension:\/\/efaidnbmnnnibpcajpcglclefindmkaj\/https:\/\/academiacapacitar.pt\/wp-content\/uploads\/Formacao-Todas-Plataformas-programa.pdf\">aqui<\/a>.<\/p>\n<h3><strong>CONDI\u00c7\u00d5ES DE PARTICIPA\u00c7\u00c3O<\/strong><\/h3>\n<p><strong>Inscri\u00e7\u00e3o<\/strong><\/p>\n<p>Os interessados em participar nesta forma\u00e7\u00e3o devem preencher o formul\u00e1rio de inscri\u00e7\u00e3o. Ap\u00f3s a submiss\u00e3o do mesmo ser\u00e1 contactado, de modo a proceder \u00e0 conclus\u00e3o da inscri\u00e7\u00e3o e respetivo pagamento. As inscri\u00e7\u00f5es devem ser efetuadas at\u00e9 24 horas antes da realiza\u00e7\u00e3o da forma\u00e7\u00e3o, ficando sujeitas a confirma\u00e7\u00e3o.<\/p>\n<p>A participa\u00e7\u00e3o \u00e9 limitada aos formandos identificados no formul\u00e1rio de inscri\u00e7\u00e3o. Caso se verifique a presen\u00e7a\/participa\u00e7\u00e3o de terceiros, n\u00e3o devidamente inscritos, a organiza\u00e7\u00e3o reserva-se o direito de emitir e cobrar a fatura correspondente ao n\u00famero adicional de participantes identificados.<\/p>\n<p><strong>Altera\u00e7\u00e3o<\/strong><\/p>\n<p>Em caso de necessidade de altera\u00e7\u00e3o, o pedido fica sujeito \u00e0s datas e vagas dispon\u00edveis n\u00e3o havendo lugar ao reembolso de qualquer valor pago.<\/p>\n<p><strong>Cancelamento<\/strong><\/p>\n<p>O cancelamento da inscri\u00e7\u00e3o est\u00e1 sujeito \u00e0 cobran\u00e7a de uma taxa de 40% relativa a despesas administrativas.<\/p>\n<p><strong>Outras condi\u00e7\u00f5es<\/strong><\/p>\n<p>A organiza\u00e7\u00e3o reserva-se no direito de n\u00e3o realizar a forma\u00e7\u00e3o na data prevista, caso n\u00e3o seja alcan\u00e7ado um n\u00famero m\u00ednimo de participantes.<\/p>\n<p>&nbsp;<\/p>\n<p><strong>Consulte a nossa oferta formativa em <a href=\"https:\/\/academiacapacitar.pt\/\" target=\"_blank\" rel=\"noopener\">academiacapacitar.pt<\/a>.<\/strong><\/p>\n","protected":false},"excerpt":{"rendered":"<p><em><strong>Valor por participante<\/strong><br \/>\n<\/em><\/p>\n<p><strong>Dura\u00e7\u00e3o<br \/>\n7 horas <\/strong>(9h30 \u00e0s 12h30 e das 14h00 \u00e0s 18h00)<strong><br \/>\n<\/strong><\/p>\n<p><strong>Formato<\/strong><br \/>\nOn-line<\/p>\n<p><strong>Data<\/strong><br \/>\nData a definir<\/p>\n","protected":false},"featured_media":7887,"template":"","meta":[],"product_cat":[111],"product_tag":[],"class_list":{"0":"post-6437","1":"product","2":"type-product","3":"status-publish","4":"has-post-thumbnail","6":"product_cat-formacao","8":"first","9":"instock","10":"taxable","11":"shipping-taxable","12":"purchasable","13":"product-type-simple"},"_links":{"self":[{"href":"https:\/\/anogov.com\/home\/wp-json\/wp\/v2\/product\/6437"}],"collection":[{"href":"https:\/\/anogov.com\/home\/wp-json\/wp\/v2\/product"}],"about":[{"href":"https:\/\/anogov.com\/home\/wp-json\/wp\/v2\/types\/product"}],"wp:featuredmedia":[{"embeddable":true,"href":"https:\/\/anogov.com\/home\/wp-json\/wp\/v2\/media\/7887"}],"wp:attachment":[{"href":"https:\/\/anogov.com\/home\/wp-json\/wp\/v2\/media?parent=6437"}],"wp:term":[{"taxonomy":"product_cat","embeddable":true,"href":"https:\/\/anogov.com\/home\/wp-json\/wp\/v2\/product_cat?post=6437"},{"taxonomy":"product_tag","embeddable":true,"href":"https:\/\/anogov.com\/home\/wp-json\/wp\/v2\/product_tag?post=6437"}],"curies":[{"name":"wp","href":"https:\/\/api.w.org\/{rel}","templated":true}]}}