{"id":4032,"date":"2023-12-20T14:28:34","date_gmt":"2023-12-20T14:28:34","guid":{"rendered":"https:\/\/anogov.com\/home\/?post_type=product&#038;p=4032"},"modified":"2025-01-24T12:42:50","modified_gmt":"2025-01-24T12:42:50","slug":"adesao-anogov-extra","status":"publish","type":"product","link":"https:\/\/anogov.com\/home\/produto\/adesao-anogov-extra\/","title":{"rendered":"Ades\u00e3o anoGov &#8211; Extra"},"content":{"rendered":"","protected":false},"excerpt":{"rendered":"<p><em>Pack n\u00e3o dispon\u00edvel para entidades estrangeiras<\/em><\/p>\n<p>&#8230;&#8230;&#8230;&#8230;&#8230;&#8230;&#8230;&#8230;<\/p>\n<p>Garanta o sucesso em Contrata\u00e7\u00e3o P\u00fablica!<\/p>\n<p><strong>Servi\u00e7os inclu\u00eddos<\/strong><\/p>\n<ul>\n<li>Registo \u00danico<\/li>\n<li>Selos Interoper\u00e1veis Ilimitados<\/li>\n<li>Certificado Digital Qualificado<\/li>\n<li>Anosigner<\/li>\n<li>Liga\u00e7\u00f5es Remotas Ilimitadas<\/li>\n<li>Gestor Dedicado<\/li>\n<li>EfaturaGov (Inclui <em>Pack<\/em> de 100 Preserva\u00e7\u00f5es)<\/li>\n<li>+Convites<\/li>\n<li>Alertas Di\u00e1rias dos Concursos P\u00fablicos<\/li>\n<li>Pack de 5h de Consultoria Especializada<\/li>\n<li>Pack de 3h de Forma\u00e7\u00e3o e Apoio T\u00e9cnico<\/li>\n<li>Destakx<\/li>\n<\/ul>\n<p>&nbsp;<\/p>\n","protected":false},"featured_media":5566,"template":"","meta":[],"product_cat":[103],"product_tag":[],"class_list":{"0":"post-4032","1":"product","2":"type-product","3":"status-publish","4":"has-post-thumbnail","6":"product_cat-pack-de-adesao-anogov-extra","8":"first","9":"instock","10":"taxable","11":"shipping-taxable","12":"purchasable","13":"product-type-simple"},"_links":{"self":[{"href":"https:\/\/anogov.com\/home\/wp-json\/wp\/v2\/product\/4032"}],"collection":[{"href":"https:\/\/anogov.com\/home\/wp-json\/wp\/v2\/product"}],"about":[{"href":"https:\/\/anogov.com\/home\/wp-json\/wp\/v2\/types\/product"}],"wp:featuredmedia":[{"embeddable":true,"href":"https:\/\/anogov.com\/home\/wp-json\/wp\/v2\/media\/5566"}],"wp:attachment":[{"href":"https:\/\/anogov.com\/home\/wp-json\/wp\/v2\/media?parent=4032"}],"wp:term":[{"taxonomy":"product_cat","embeddable":true,"href":"https:\/\/anogov.com\/home\/wp-json\/wp\/v2\/product_cat?post=4032"},{"taxonomy":"product_tag","embeddable":true,"href":"https:\/\/anogov.com\/home\/wp-json\/wp\/v2\/product_tag?post=4032"}],"curies":[{"name":"wp","href":"https:\/\/api.w.org\/{rel}","templated":true}]}}