{"id":4869,"date":"2024-02-16T10:41:29","date_gmt":"2024-02-16T10:41:29","guid":{"rendered":"https:\/\/anogov.com\/home\/?page_id=4869"},"modified":"2025-10-27T15:40:48","modified_gmt":"2025-10-27T15:40:48","slug":"termos-e-condicoes-packs-de-adesao-en","status":"publish","type":"page","link":"https:\/\/anogov.com\/home\/en\/termos-e-condicoes-packs-de-adesao-en\/","title":{"rendered":"Termos e Condi\u00e7\u00f5es &#8211; Packs de Ades\u00e3o EN"},"content":{"rendered":"\t\t<div data-elementor-type=\"wp-page\" data-elementor-id=\"4869\" class=\"elementor elementor-4869\">\n\t\t\t\t\t\t\t\t\t<section class=\"elementor-section elementor-top-section elementor-element elementor-element-10508a89 elementor-section-full_width elementor-section-height-default elementor-section-height-default wpr-particle-no wpr-jarallax-no wpr-parallax-no wpr-sticky-section-no\" data-id=\"10508a89\" data-element_type=\"section\">\n\t\t\t\t\t\t<div class=\"elementor-container elementor-column-gap-no\">\n\t\t\t\t\t<div class=\"elementor-column elementor-col-100 elementor-top-column elementor-element elementor-element-51052102\" data-id=\"51052102\" data-element_type=\"column\">\n\t\t\t<div class=\"elementor-widget-wrap elementor-element-populated\">\n\t\t\t\t\t\t\t\t<div class=\"elementor-element elementor-element-2131bd6b elementor-widget elementor-widget-heading\" data-id=\"2131bd6b\" data-element_type=\"widget\" data-widget_type=\"heading.default\">\n\t\t\t\t<div class=\"elementor-widget-container\">\n\t\t\t<style>\/*! elementor - v3.18.0 - 08-12-2023 *\/\n.elementor-heading-title{padding:0;margin:0;line-height:1}.elementor-widget-heading .elementor-heading-title[class*=elementor-size-]>a{color:inherit;font-size:inherit;line-height:inherit}.elementor-widget-heading .elementor-heading-title.elementor-size-small{font-size:15px}.elementor-widget-heading .elementor-heading-title.elementor-size-medium{font-size:19px}.elementor-widget-heading .elementor-heading-title.elementor-size-large{font-size:29px}.elementor-widget-heading .elementor-heading-title.elementor-size-xl{font-size:39px}.elementor-widget-heading .elementor-heading-title.elementor-size-xxl{font-size:59px}<\/style><h2 class=\"elementor-heading-title elementor-size-default\">Terms and Conditions | Subscription Packs<\/h2>\t\t<\/div>\n\t\t\t\t<\/div>\n\t\t\t\t<section class=\"elementor-section elementor-inner-section elementor-element elementor-element-17736dbc elementor-section-boxed elementor-section-height-default elementor-section-height-default wpr-particle-no wpr-jarallax-no wpr-parallax-no wpr-sticky-section-no\" data-id=\"17736dbc\" data-element_type=\"section\">\n\t\t\t\t\t\t<div class=\"elementor-container elementor-column-gap-default\">\n\t\t\t\t\t<div class=\"elementor-column elementor-col-100 elementor-inner-column elementor-element elementor-element-5a4e0f52\" data-id=\"5a4e0f52\" data-element_type=\"column\">\n\t\t\t<div class=\"elementor-widget-wrap elementor-element-populated\">\n\t\t\t\t\t\t\t\t<div class=\"elementor-element elementor-element-32fa8fdd elementor-widget__width-initial elementor-widget elementor-widget-text-editor\" data-id=\"32fa8fdd\" data-element_type=\"widget\" data-widget_type=\"text-editor.default\">\n\t\t\t\t<div class=\"elementor-widget-container\">\n\t\t\t<style>\/*! elementor - v3.18.0 - 08-12-2023 *\/\n.elementor-widget-text-editor.elementor-drop-cap-view-stacked .elementor-drop-cap{background-color:#69727d;color:#fff}.elementor-widget-text-editor.elementor-drop-cap-view-framed .elementor-drop-cap{color:#69727d;border:3px solid;background-color:transparent}.elementor-widget-text-editor:not(.elementor-drop-cap-view-default) .elementor-drop-cap{margin-top:8px}.elementor-widget-text-editor:not(.elementor-drop-cap-view-default) .elementor-drop-cap-letter{width:1em;height:1em}.elementor-widget-text-editor .elementor-drop-cap{float:left;text-align:center;line-height:1;font-size:50px}.elementor-widget-text-editor .elementor-drop-cap-letter{display:inline-block}<\/style>\t\t\t\t<p>1. The availability of <strong>anoGov<\/strong> <strong>Subscription Packs <\/strong>is the responsibility of <strong>ANO<\/strong>, legal person no. 503182710, registered at the Porto Commercial Registry Office &#8211; 1st Section, with headquarters at Travessa de Alferes Malheiro no. 105, Porto.<\/p>\n<p>2. This document establishes the conditions for purchasing <strong>Subscription Packs <\/strong>available in the online shop, referred to in Decree-Law no. 24\/2014 of 14 February in its current wording.<\/p><p>3. For foreign organisations, international and shipping fees will be added to the <b>Subscription Packs<\/b> amount. The pack <b>Ades\u00e3o Extra<\/b> is not available for foreign organizations.<\/p>\t\t\t\t\t\t<\/div>\n\t\t\t\t<\/div>\n\t\t\t\t<div class=\"elementor-element elementor-element-45371f3 elementor-widget elementor-widget-image\" data-id=\"45371f3\" data-element_type=\"widget\" data-widget_type=\"image.default\">\n\t\t\t\t<div class=\"elementor-widget-container\">\n\t\t\t<style>\/*! elementor - v3.18.0 - 08-12-2023 *\/\n.elementor-widget-image{text-align:center}.elementor-widget-image a{display:inline-block}.elementor-widget-image a img[src$=\".svg\"]{width:48px}.elementor-widget-image img{vertical-align:middle;display:inline-block}<\/style>\t\t\t\t\t\t\t\t\t\t\t\t<img fetchpriority=\"high\" decoding=\"async\" width=\"728\" height=\"1024\" src=\"https:\/\/anogov.com\/home\/wp-content\/uploads\/Packs-de-adesao-anogov_en-728x1024.png\" class=\"attachment-large size-large wp-image-6620\" alt=\"Packs de adesao anogov_en\" srcset=\"https:\/\/anogov.com\/home\/wp-content\/uploads\/Packs-de-adesao-anogov_en-728x1024.png 728w, https:\/\/anogov.com\/home\/wp-content\/uploads\/Packs-de-adesao-anogov_en-213x300.png 213w, https:\/\/anogov.com\/home\/wp-content\/uploads\/Packs-de-adesao-anogov_en-768x1080.png 768w, https:\/\/anogov.com\/home\/wp-content\/uploads\/Packs-de-adesao-anogov_en-1092x1536.png 1092w, https:\/\/anogov.com\/home\/wp-content\/uploads\/Packs-de-adesao-anogov_en-600x844.png 600w, https:\/\/anogov.com\/home\/wp-content\/uploads\/Packs-de-adesao-anogov_en.png 1152w\" sizes=\"(max-width: 728px) 100vw, 728px\" \/>\t\t\t\t\t\t\t\t\t\t\t\t\t\t\t<\/div>\n\t\t\t\t<\/div>\n\t\t\t\t<div class=\"elementor-element elementor-element-f2be09e elementor-widget__width-initial elementor-widget elementor-widget-text-editor\" data-id=\"f2be09e\" data-element_type=\"widget\" data-widget_type=\"text-editor.default\">\n\t\t\t\t<div class=\"elementor-widget-container\">\n\t\t\t\t\t\t\t<p>4. The<strong> Subscription Packs <\/strong>are activated immediately once the payment has been validated. Once the purchase is completed, and in order to configure the service on the platform, you must contact us via email <a href=\"mailto:comercial@ano.pt\">comercial@ano.pt<\/a> or through the customer service line &#8211; 222 061 580 (call to the national fixed network) &#8211; available from 9 am to 12:30 pm and from 2 pm to 6 pm on weekdays.<\/p><p>5. By purchasing through the online store, the customer expressly acknowledges and agrees to the immediate activation of the purchased service(s) upon payment confirmation, thereby waiving their right of withdrawal.<\/p><p>6. The <strong>Subscription Packs <\/strong>are valid for 1 year (12 months).<\/p><p>7.<strong> Subscription Packs <\/strong>are automatically renewed. Any intention not to renew must be notified in writing to <strong>anoGov<\/strong> at least 30 days in advance.<\/p><p>8. Whenever the service is subscribed to a promotional campaign, the conditions of the campaign will apply for the duration of the campaign and the respective contract, and renewal will be carried out at the prices in force at the time of renewal.<\/p><p>9. In the event of renewal, <strong>ANO<\/strong> reserves the right to update the price and conditions of the packs in accordance with the commercial policies in force.<\/p><p>10. To resolve consumer disputes, please contact the Porto Consumer Information and Arbitration Centre (<span style=\"text-decoration: underline;\"><a href=\"https:\/\/cicap.pt\/\" target=\"_blank\" rel=\"noopener\">https:\/\/cicap.pt\/<\/a><\/span>).<\/p><p>11. The personal data collected is destined to be used in the contractual management established with the customer through the online shop and is processed in accordance with the data protection policies in force.<\/p><p>12. If you have any questions, please contact us through the e-mail address <span style=\"text-decoration: underline;\"><a href=\"mailto:comercial@ano.pt\">comercial@ano.pt<\/a><\/span> or through the customer service line &#8211; <strong>222 061 580<\/strong> (national landline) &#8211; available from 9am to 12.30pm and from 2pm to 6pm on business days.<\/p><h6>Last Review: October 27, 2025<\/h6><h6>\u00a0<\/h6>\t\t\t\t\t\t<\/div>\n\t\t\t\t<\/div>\n\t\t\t\t\t<\/div>\n\t\t<\/div>\n\t\t\t\t\t\t\t<\/div>\n\t\t<\/section>\n\t\t\t\t\t<\/div>\n\t\t<\/div>\n\t\t\t\t\t\t\t<\/div>\n\t\t<\/section>\n\t\t\t\t<section class=\"elementor-section elementor-top-section elementor-element elementor-element-bb62f96 elementor-section-boxed elementor-section-height-default elementor-section-height-default wpr-particle-no wpr-jarallax-no wpr-parallax-no wpr-sticky-section-no\" data-id=\"bb62f96\" data-element_type=\"section\">\n\t\t\t\t\t\t<div class=\"elementor-container elementor-column-gap-default\">\n\t\t\t\t\t<div class=\"elementor-column elementor-col-100 elementor-top-column elementor-element elementor-element-ec5565e\" data-id=\"ec5565e\" data-element_type=\"column\">\n\t\t\t<div class=\"elementor-widget-wrap\">\n\t\t\t\t\t\t\t\t\t<\/div>\n\t\t<\/div>\n\t\t\t\t\t\t\t<\/div>\n\t\t<\/section>\n\t\t\t\t\t\t\t<\/div>\n\t\t","protected":false},"excerpt":{"rendered":"<p>Terms and Conditions | Subscription Packs 1. The availability of anoGov Subscription Packs is the responsibility of ANO, legal person no. 503182710, registered at the Porto Commercial Registry Office &#8211; 1st Section, with headquarters at Travessa de Alferes Malheiro no. 105, Porto. 2. This document establishes the conditions for purchasing Subscription Packs available in the [&hellip;]<\/p>\n","protected":false},"author":3,"featured_media":0,"parent":0,"menu_order":0,"comment_status":"closed","ping_status":"closed","template":"","meta":{"footnotes":""},"class_list":["post-4869","page","type-page","status-publish","hentry"],"_links":{"self":[{"href":"https:\/\/anogov.com\/home\/wp-json\/wp\/v2\/pages\/4869"}],"collection":[{"href":"https:\/\/anogov.com\/home\/wp-json\/wp\/v2\/pages"}],"about":[{"href":"https:\/\/anogov.com\/home\/wp-json\/wp\/v2\/types\/page"}],"author":[{"embeddable":true,"href":"https:\/\/anogov.com\/home\/wp-json\/wp\/v2\/users\/3"}],"replies":[{"embeddable":true,"href":"https:\/\/anogov.com\/home\/wp-json\/wp\/v2\/comments?post=4869"}],"version-history":[{"count":34,"href":"https:\/\/anogov.com\/home\/wp-json\/wp\/v2\/pages\/4869\/revisions"}],"predecessor-version":[{"id":7930,"href":"https:\/\/anogov.com\/home\/wp-json\/wp\/v2\/pages\/4869\/revisions\/7930"}],"wp:attachment":[{"href":"https:\/\/anogov.com\/home\/wp-json\/wp\/v2\/media?parent=4869"}],"curies":[{"name":"wp","href":"https:\/\/api.w.org\/{rel}","templated":true}]}}