{"id":4794,"date":"2024-02-15T14:51:17","date_gmt":"2024-02-15T14:51:17","guid":{"rendered":"https:\/\/anogov.com\/home\/?page_id=4794"},"modified":"2024-02-15T14:59:01","modified_gmt":"2024-02-15T14:59:01","slug":"declaracao-de-praticas-plataforma-anogov","status":"publish","type":"page","link":"https:\/\/anogov.com\/home\/declaracao-de-praticas-plataforma-anogov\/","title":{"rendered":"Declara\u00e7\u00e3o de Pr\u00e1ticas &#8211; Plataforma anoGov"},"content":{"rendered":"\t\t<div data-elementor-type=\"wp-page\" data-elementor-id=\"4794\" class=\"elementor elementor-4794\">\n\t\t\t\t\t\t\t\t\t<section class=\"elementor-section elementor-top-section elementor-element elementor-element-5d2e6d5 elementor-section-full_width elementor-section-height-default elementor-section-height-default wpr-particle-no wpr-jarallax-no wpr-parallax-no wpr-sticky-section-no\" data-id=\"5d2e6d5\" data-element_type=\"section\">\n\t\t\t\t\t\t<div class=\"elementor-container elementor-column-gap-no\">\n\t\t\t\t\t<div class=\"elementor-column elementor-col-100 elementor-top-column elementor-element elementor-element-55c8056f\" data-id=\"55c8056f\" data-element_type=\"column\">\n\t\t\t<div class=\"elementor-widget-wrap elementor-element-populated\">\n\t\t\t\t\t\t\t\t<div class=\"elementor-element elementor-element-188f1974 elementor-widget elementor-widget-heading\" data-id=\"188f1974\" data-element_type=\"widget\" data-widget_type=\"heading.default\">\n\t\t\t\t<div class=\"elementor-widget-container\">\n\t\t\t<style>\/*! elementor - v3.18.0 - 08-12-2023 *\/\n.elementor-heading-title{padding:0;margin:0;line-height:1}.elementor-widget-heading .elementor-heading-title[class*=elementor-size-]>a{color:inherit;font-size:inherit;line-height:inherit}.elementor-widget-heading .elementor-heading-title.elementor-size-small{font-size:15px}.elementor-widget-heading .elementor-heading-title.elementor-size-medium{font-size:19px}.elementor-widget-heading .elementor-heading-title.elementor-size-large{font-size:29px}.elementor-widget-heading .elementor-heading-title.elementor-size-xl{font-size:39px}.elementor-widget-heading .elementor-heading-title.elementor-size-xxl{font-size:59px}<\/style><h2 class=\"elementor-heading-title elementor-size-default\">Plataforma anoGov | Declara\u00e7\u00e3o de Pr\u00e1ticas<\/h2>\t\t<\/div>\n\t\t\t\t<\/div>\n\t\t\t\t<section class=\"elementor-section elementor-inner-section elementor-element elementor-element-248fe2e6 elementor-section-boxed elementor-section-height-default elementor-section-height-default wpr-particle-no wpr-jarallax-no wpr-parallax-no wpr-sticky-section-no\" data-id=\"248fe2e6\" data-element_type=\"section\">\n\t\t\t\t\t\t<div class=\"elementor-container elementor-column-gap-default\">\n\t\t\t\t\t<div class=\"elementor-column elementor-col-100 elementor-inner-column elementor-element elementor-element-4c88f54a\" data-id=\"4c88f54a\" data-element_type=\"column\">\n\t\t\t<div class=\"elementor-widget-wrap elementor-element-populated\">\n\t\t\t\t\t\t\t\t<div class=\"elementor-element elementor-element-345ba9e3 elementor-widget__width-initial elementor-widget elementor-widget-text-editor\" data-id=\"345ba9e3\" data-element_type=\"widget\" data-widget_type=\"text-editor.default\">\n\t\t\t\t<div class=\"elementor-widget-container\">\n\t\t\t<style>\/*! elementor - v3.18.0 - 08-12-2023 *\/\n.elementor-widget-text-editor.elementor-drop-cap-view-stacked .elementor-drop-cap{background-color:#69727d;color:#fff}.elementor-widget-text-editor.elementor-drop-cap-view-framed .elementor-drop-cap{color:#69727d;border:3px solid;background-color:transparent}.elementor-widget-text-editor:not(.elementor-drop-cap-view-default) .elementor-drop-cap{margin-top:8px}.elementor-widget-text-editor:not(.elementor-drop-cap-view-default) .elementor-drop-cap-letter{width:1em;height:1em}.elementor-widget-text-editor .elementor-drop-cap{float:left;text-align:center;line-height:1;font-size:50px}.elementor-widget-text-editor .elementor-drop-cap-letter{display:inline-block}<\/style>\t\t\t\t<p><strong>1.INTRODU\u00c7\u00c3O<\/strong><\/p><p lang=\"pt-PT\">Este documento tem como objetivo a defini\u00e7\u00e3o das pr\u00e1ticas utilizadas na opera\u00e7\u00e3o e gest\u00e3o da plataforma eletr\u00f3nica de compras p\u00fablicas anoGov.<\/p><p><strong>2. DECLARA\u00c7\u00c3O DE PR\u00c1TICAS<br \/><\/strong><\/p><p><strong>2.1<\/strong> S\u00e3o respeitados todos os princ\u00edpios descritos na legisla\u00e7\u00e3o em vigor:<\/p><ul><li>N\u00e3o descrimina\u00e7\u00e3o, livre acesso, interoperabilidade, compatibilidade, confidencialidade, integridade, n\u00e3o rep\u00fadio, disponibilidade e seguran\u00e7a, bem como outros conexos.<\/li><\/ul><p><strong>2.2<\/strong> S\u00e3o cumpridas de forma escrupulosa as regras e dispostos legais introduzidos pelo CCP (C\u00f3digo dos Contratos P\u00fablicos) e a legisla\u00e7\u00e3o acess\u00f3ria aplic\u00e1vel.<br \/><strong>2.3<\/strong> S\u00e3o garantidas todas as condi\u00e7\u00f5es t\u00e9cnicas e de suporte necess\u00e1rias ao funcionamento das formalidades eletr\u00f3nicas relativas aos procedimentos de forma\u00e7\u00e3o dos contratos p\u00fablicos de qualquer um dos instrumentos ou procedimento de contrata\u00e7\u00e3o definidos pelo CCP (C\u00f3digo dos Contratos P\u00fablicos).<br \/><strong>2.4<\/strong> A plataforma n\u00e3o interv\u00e9m enquanto entidade aut\u00f3noma no procedimento de forma\u00e7\u00e3o de contratos p\u00fablicos.<br \/><strong>2.5<\/strong> \u00c9 assegurada a interliga\u00e7\u00e3o, quer em termos t\u00e9cnicos, quer no que respeita ao cumprimento das regras de sincronismo necess\u00e1rias \u00e0 transfer\u00eancia dos dados requeridos, com:<\/p><ul><li>Portal dos Contratos P\u00fablicos;<\/li><li>Portal do Di\u00e1rio da Rep\u00fablica eletr\u00f3nico, atrav\u00e9s de protocolo com a Imprensa Nacional-Casa da Moeda, S. A. (INCM).<\/li><\/ul><p><strong>2.6<\/strong> A interface de utiliza\u00e7\u00e3o encontra-se, na sua totalidade, dispon\u00edvel em Portugu\u00eas em www.anogov.pt. Adicionalmente \u00e9 disponibilizada a possibilidade de aceder e visualizar o conte\u00fado da plataforma eletr\u00f3nica em Ingl\u00eas, Espanhol e Franc\u00eas. Entre outra, \u00e9 a\u00ed assegurada a seguinte informa\u00e7\u00e3o:<\/p><ul><li>Contactos de suporte t\u00e9cnico;<\/li><li>Requisitos t\u00e9cnicos;<\/li><li>Guias para resolu\u00e7\u00e3o de problemas (perguntas frequentes, requisitos t\u00e9cnicos, alertas, entre outros que se entendam oportunos).<\/li><\/ul><p><strong>2.7<\/strong> A plataforma disponibiliza relat\u00f3rios de atividades quando solicitados pela entidade adjudicante.<br \/><strong>2.8<\/strong> Toda a informa\u00e7\u00e3o que comp\u00f5e as propostas, candidaturas ou solu\u00e7\u00f5es \u00e9 encriptada no momento pr\u00e9vio ao carregamento para a plataforma.<br \/><strong>2.9<\/strong> S\u00e3o cumpridas as regras para codifica\u00e7\u00e3o de acordo com a legisla\u00e7\u00e3o em vigor.<br \/><strong>2.10<\/strong> A codifica\u00e7\u00e3o das propostas \u00e9 realizada automaticamente pela plataforma eletr\u00f3nica:<\/p><ul><li>A plataforma eletr\u00f3nica disponibiliza ao interessado uma aplica\u00e7\u00e3o inform\u00e1tica que lhe permite encriptar e apor uma assinatura eletr\u00f3nica nos ficheiros de uma proposta, localmente, no seu pr\u00f3prio computador, aquando do ato de carregamento.<\/li><li>Quando o interessado realizar o carregamento, na plataforma eletr\u00f3nica, de um ficheiro de uma proposta, este estar\u00e1 j\u00e1 encriptado e assinado, com recurso a assinatura eletr\u00f3nica qualificada.<\/li><\/ul><p><strong>2.11<\/strong> O envio autom\u00e1tico de notifica\u00e7\u00f5es \u00e9 efetuado:<\/p><ul><li>Diretamente atrav\u00e9s de uma \u00e1rea especificamente criada, para o efeito, na plataforma eletr\u00f3nica;<\/li><li>Atrav\u00e9s de correio eletr\u00f3nico. A anoGov n\u00e3o se responsabiliza pela n\u00e3o rece\u00e7\u00e3o das notifica\u00e7\u00f5es enviadas atrav\u00e9s de correio eletr\u00f3nico externo.<\/li><\/ul><p><br \/><strong>2.12<\/strong> Est\u00e1 garantida a autentica\u00e7\u00e3o forte dos utilizadores, atrav\u00e9s dos Certificados Digitais Qualificados, ou a autentica\u00e7\u00e3o mediante a utiliza\u00e7\u00e3o de um Certificado Digital, cumprindo assim os princ\u00edpios da legisla\u00e7\u00e3o que atualmente vigora:<\/p><ul><li>Todo e qualquer acesso \u00e0 plataforma \u00e9 realizado atrav\u00e9s da utiliza\u00e7\u00e3o de um certificado digital;<\/li><li>S\u00e3o reconhecidos certificados de autentica\u00e7\u00e3o emitidos pela anoGov, Multicert, DigitalSign, CEGER, Cart\u00e3o do Cidad\u00e3o. Adicionalmente, e mediante valida\u00e7\u00e3o, outros constantes no documento da Autoridade Credenciadora Nacional (Autoridade Nacional de Seguran\u00e7a): \u201cList of Trusted List information as notified by Member States\u201d<\/li><li>O mecanismo de valida\u00e7\u00e3o de certificados dos utilizadores \u00e9 efetuado tendo por base o referido certificado e a respetiva cadeia de certifica\u00e7\u00e3o.<\/li><\/ul><p><strong>2.13<\/strong> Est\u00e1 garantida a assinatura eletr\u00f3nica, cumprindo assim os requisitos estabelecidos na legisla\u00e7\u00e3o em vigor:<\/p><ul><li>Todos os documentos s\u00e3o submetidos na plataforma eletr\u00f3nica mediante a utiliza\u00e7\u00e3o de certificados de assinatura eletr\u00f3nica qualificada (certificados digitais emitidos por uma entidade certificadora do Sistema de Certifica\u00e7\u00e3o Eletr\u00f3nica do Estado);<\/li><li>A consulta dos detalhes das assinaturas digitais realizadas, pode ser realizada diretamente na plataforma anoGov. S\u00e3o igualmente disponibilizados mecanismos, que em tempo real, permitem averiguar a integridade e validade dos das assinaturas digitais.<\/li><li>Todos os documentos carregados na plataforma eletr\u00f3nica, bem como, todas as comunica\u00e7\u00f5es s\u00e3o assinadas digitalmente.<\/li><\/ul><p><strong>2.14<\/strong> Est\u00e1 garantida a valida\u00e7\u00e3o cronol\u00f3gica, cumprindo assim os requisitos estabelecidos na legisla\u00e7\u00e3o em vigor:<\/p><ul><li>A todas as transa\u00e7\u00f5es sujeitas a prazos \u00e9 aposto um selo temporal de forma a garantir a data da sua realiza\u00e7\u00e3o. A consulta dos detalhes dos selos temporais emitidos, pode ser realizada diretamente na plataforma anoGov. S\u00e3o igualmente disponibilizados mecanismos, que em tempo real, permitem averiguar a integridade e validade dos selos temporais emitidos.<\/li><li>A aceita\u00e7\u00e3o dos certificados de valida\u00e7\u00e3o cronol\u00f3gica com origem em entidades registadas na TSL da Ag\u00eancia Nacional de Seguran\u00e7a, \u00e9 publicitada na p\u00e1gina central www.anoGov.pt e no ato da respetiva utiliza\u00e7\u00e3o, na plataforma eletr\u00f3nica.<\/li><\/ul><p><strong>2.15<\/strong> Est\u00e1 garantida a Encripta\u00e7\u00e3o e desencripta\u00e7\u00e3o, cumprindo assim os requisitos estabelecidos na legisla\u00e7\u00e3o em vigor:<\/p><ul><li>Toda a informa\u00e7\u00e3o que comp\u00f5e as propostas, candidaturas ou solu\u00e7\u00f5es \u00e9 encriptada diretamente no computador do operador econ\u00f3mico no momento pr\u00e9vio ao carregamento dessa informa\u00e7\u00e3o para a plataforma anoGov;<\/li><li>Os documentos carregados nas plataformas s\u00e3o encriptados atrav\u00e9s da utiliza\u00e7\u00e3o de criptografia assim\u00e9trica baseada na utiliza\u00e7\u00e3o de troca de chaves;<\/li><li>Os interessados encriptam os seus documentos com a chave p\u00fablica do certificado referido no n\u00famero anterior.<\/li><\/ul><p><strong>2.16<\/strong> Todos os acessos, bem como, todas as transa\u00e7\u00f5es realizadas pelos utilizadores da plataforma, s\u00e3o registadas em um arquivo de auditoria. Os arquivos de auditoria s\u00e3o assinados digitalmente, sendo-lhe aposto um selo temporal, como forma de garantia da sua autenticidade, integridade e data de cria\u00e7\u00e3o. Estes arquivos de auditoria destinam-se tamb\u00e9m \u00e0 preserva\u00e7\u00e3o digital prevista na legisla\u00e7\u00e3o que vigora, e como tal poder\u00e1 ser usado em qualquer situa\u00e7\u00e3o de contencioso ao servi\u00e7o dos operadores econ\u00f3micos, bem como, das entidades adjudicantes. <br \/><strong>2.17<\/strong> A plataforma disponibiliza tecnologias que permite efetuar auditorias t\u00e9cnicas e de conformidade.<br \/><strong>2.18<\/strong> A plataforma nomeia um auditor de seguran\u00e7a, credenciado pelo Gabinete Nacional de Seguran\u00e7a para o exerc\u00edcio da sua atividade.<br \/><strong>2.19<\/strong> O auditor de seguran\u00e7a referido no n\u00famero anterior elabora um documento de conformidade que atesta a conformidade da plataforma eletr\u00f3nica com as normas vigentes. O documento de conformidade compreende a descri\u00e7\u00e3o das fun\u00e7\u00f5es e identifica\u00e7\u00e3o dos perfis de recursos humanos t\u00e9cnicos que operam as plataformas, descri\u00e7\u00e3o t\u00e9cnica detalhada dos sistemas e arquiteturas da plataforma eletr\u00f3nica e um relat\u00f3rio de seguran\u00e7a que atesta a conformidade da plataforma.<br \/><strong>2.20<\/strong> Para efeitos de manuten\u00e7\u00e3o da plataforma no exerc\u00edcio da atividade, o auditor de seguran\u00e7a elabora um relat\u00f3rio anual de seguran\u00e7a, o qual deve \u00e9 enviado \u00e0 entidade supervisora, at\u00e9 31 de mar\u00e7o de cada ano civil.<br \/><strong>2.21<\/strong> Em caso de den\u00fancia ou cessa\u00e7\u00e3o do contrato de presta\u00e7\u00e3o de servi\u00e7os de plataforma eletr\u00f3nica, a entidade gestora da plataforma anoGov garante a entrega da informa\u00e7\u00e3o.Todos os elementos respeitantes a procedimentos de contrata\u00e7\u00e3o p\u00fablica, j\u00e1 conclu\u00eddos ou em curso, bem como todos os arquivos de auditoria, transitam, para efeitos de cust\u00f3dia, para a(s) entidade(s) adjudicante(s) respetiva(s), assegurando as condi\u00e7\u00f5es de acesso e leitura dos documentos e restante informa\u00e7\u00e3o.<br \/><strong>2.22<\/strong> Relativamente ao arquivo e preserva\u00e7\u00e3o digital, a plataforma assegura os procedimentos atualmente em vigor, estando dispon\u00edvel para implementar novas pr\u00e1ticas que venham a ser determinadas pelas entidades competentes.<br \/><strong>2.23<\/strong> Os arquivos de auditoria s\u00e3o organizados e compilados diariamente, assinados digitalmente com aposi\u00e7\u00e3o de selo temporal, como forma de garantir a sua autenticidade, integridade e data de cria\u00e7\u00e3o. Estes arquivos garantem a preserva\u00e7\u00e3o digital prevista na legisla\u00e7\u00e3o em vigor.<\/p><p>\u00a0<\/p>\t\t\t\t\t\t<\/div>\n\t\t\t\t<\/div>\n\t\t\t\t\t<\/div>\n\t\t<\/div>\n\t\t\t\t\t\t\t<\/div>\n\t\t<\/section>\n\t\t\t\t\t<\/div>\n\t\t<\/div>\n\t\t\t\t\t\t\t<\/div>\n\t\t<\/section>\n\t\t\t\t\t\t\t<\/div>\n\t\t","protected":false},"excerpt":{"rendered":"<p>Plataforma anoGov | Declara\u00e7\u00e3o de Pr\u00e1ticas 1.INTRODU\u00c7\u00c3O Este documento tem como objetivo a defini\u00e7\u00e3o das pr\u00e1ticas utilizadas na opera\u00e7\u00e3o e gest\u00e3o da plataforma eletr\u00f3nica de compras p\u00fablicas anoGov. 2. DECLARA\u00c7\u00c3O DE PR\u00c1TICAS 2.1 S\u00e3o respeitados todos os princ\u00edpios descritos na legisla\u00e7\u00e3o em vigor: N\u00e3o descrimina\u00e7\u00e3o, livre acesso, interoperabilidade, compatibilidade, confidencialidade, integridade, n\u00e3o rep\u00fadio, disponibilidade e [&hellip;]<\/p>\n","protected":false},"author":3,"featured_media":0,"parent":0,"menu_order":0,"comment_status":"closed","ping_status":"closed","template":"","meta":{"footnotes":""},"class_list":["post-4794","page","type-page","status-publish","hentry"],"_links":{"self":[{"href":"https:\/\/anogov.com\/home\/wp-json\/wp\/v2\/pages\/4794"}],"collection":[{"href":"https:\/\/anogov.com\/home\/wp-json\/wp\/v2\/pages"}],"about":[{"href":"https:\/\/anogov.com\/home\/wp-json\/wp\/v2\/types\/page"}],"author":[{"embeddable":true,"href":"https:\/\/anogov.com\/home\/wp-json\/wp\/v2\/users\/3"}],"replies":[{"embeddable":true,"href":"https:\/\/anogov.com\/home\/wp-json\/wp\/v2\/comments?post=4794"}],"version-history":[{"count":5,"href":"https:\/\/anogov.com\/home\/wp-json\/wp\/v2\/pages\/4794\/revisions"}],"predecessor-version":[{"id":4801,"href":"https:\/\/anogov.com\/home\/wp-json\/wp\/v2\/pages\/4794\/revisions\/4801"}],"wp:attachment":[{"href":"https:\/\/anogov.com\/home\/wp-json\/wp\/v2\/media?parent=4794"}],"curies":[{"name":"wp","href":"https:\/\/api.w.org\/{rel}","templated":true}]}}