{"id":4521,"date":"2024-02-07T17:20:25","date_gmt":"2024-02-07T17:20:25","guid":{"rendered":"https:\/\/anogov.com\/home\/?page_id=4521"},"modified":"2025-10-27T15:05:21","modified_gmt":"2025-10-27T15:05:21","slug":"termos-e-condicoes-packs-de-adesao","status":"publish","type":"page","link":"https:\/\/anogov.com\/home\/termos-e-condicoes-packs-de-adesao\/","title":{"rendered":"Termos e Condi\u00e7\u00f5es &#8211; Packs de Ades\u00e3o"},"content":{"rendered":"\t\t<div data-elementor-type=\"wp-page\" data-elementor-id=\"4521\" class=\"elementor elementor-4521\">\n\t\t\t\t\t\t\t\t\t<section class=\"elementor-section elementor-top-section elementor-element elementor-element-10508a89 elementor-section-full_width elementor-section-height-default elementor-section-height-default wpr-particle-no wpr-jarallax-no wpr-parallax-no wpr-sticky-section-no\" data-id=\"10508a89\" data-element_type=\"section\">\n\t\t\t\t\t\t<div class=\"elementor-container elementor-column-gap-no\">\n\t\t\t\t\t<div class=\"elementor-column elementor-col-100 elementor-top-column elementor-element elementor-element-51052102\" data-id=\"51052102\" data-element_type=\"column\">\n\t\t\t<div class=\"elementor-widget-wrap elementor-element-populated\">\n\t\t\t\t\t\t\t\t<div class=\"elementor-element elementor-element-2131bd6b elementor-widget elementor-widget-heading\" data-id=\"2131bd6b\" data-element_type=\"widget\" data-widget_type=\"heading.default\">\n\t\t\t\t<div class=\"elementor-widget-container\">\n\t\t\t<style>\/*! elementor - v3.18.0 - 08-12-2023 *\/\n.elementor-heading-title{padding:0;margin:0;line-height:1}.elementor-widget-heading .elementor-heading-title[class*=elementor-size-]>a{color:inherit;font-size:inherit;line-height:inherit}.elementor-widget-heading .elementor-heading-title.elementor-size-small{font-size:15px}.elementor-widget-heading .elementor-heading-title.elementor-size-medium{font-size:19px}.elementor-widget-heading .elementor-heading-title.elementor-size-large{font-size:29px}.elementor-widget-heading .elementor-heading-title.elementor-size-xl{font-size:39px}.elementor-widget-heading .elementor-heading-title.elementor-size-xxl{font-size:59px}<\/style><h2 class=\"elementor-heading-title elementor-size-default\">Termos e Condi\u00e7\u00f5es | Packs de Ades\u00e3o<\/h2>\t\t<\/div>\n\t\t\t\t<\/div>\n\t\t\t\t<section class=\"elementor-section elementor-inner-section elementor-element elementor-element-17736dbc elementor-section-boxed elementor-section-height-default elementor-section-height-default wpr-particle-no wpr-jarallax-no wpr-parallax-no wpr-sticky-section-no\" data-id=\"17736dbc\" data-element_type=\"section\">\n\t\t\t\t\t\t<div class=\"elementor-container elementor-column-gap-default\">\n\t\t\t\t\t<div class=\"elementor-column elementor-col-100 elementor-inner-column elementor-element elementor-element-5a4e0f52\" data-id=\"5a4e0f52\" data-element_type=\"column\">\n\t\t\t<div class=\"elementor-widget-wrap elementor-element-populated\">\n\t\t\t\t\t\t\t\t<div class=\"elementor-element elementor-element-32fa8fdd elementor-widget__width-initial elementor-widget elementor-widget-text-editor\" data-id=\"32fa8fdd\" data-element_type=\"widget\" data-widget_type=\"text-editor.default\">\n\t\t\t\t<div class=\"elementor-widget-container\">\n\t\t\t<style>\/*! elementor - v3.18.0 - 08-12-2023 *\/\n.elementor-widget-text-editor.elementor-drop-cap-view-stacked .elementor-drop-cap{background-color:#69727d;color:#fff}.elementor-widget-text-editor.elementor-drop-cap-view-framed .elementor-drop-cap{color:#69727d;border:3px solid;background-color:transparent}.elementor-widget-text-editor:not(.elementor-drop-cap-view-default) .elementor-drop-cap{margin-top:8px}.elementor-widget-text-editor:not(.elementor-drop-cap-view-default) .elementor-drop-cap-letter{width:1em;height:1em}.elementor-widget-text-editor .elementor-drop-cap{float:left;text-align:center;line-height:1;font-size:50px}.elementor-widget-text-editor .elementor-drop-cap-letter{display:inline-block}<\/style>\t\t\t\t<p>1. A disponibiliza\u00e7\u00e3o dos <strong><em>packs<\/em> de ades\u00e3o<\/strong> \u00e0 <strong>anoGov<\/strong> \u00e9 da responsabilidade da ANO, pessoa coletiva n.\u00ba 503182710, registada na Conservat\u00f3ria do Registo Comercial do Porto \u2013 1.\u00aa Sec\u00e7\u00e3o, com sede na Travessa de Alferes Malheiro n.\u00ba 105, Porto.<br \/>2. O presente documento estabelece as condi\u00e7\u00f5es de aquisi\u00e7\u00e3o dos <strong><em>packs<\/em> de ades\u00e3o<\/strong> dispon\u00edveis na loja <em>on-line<\/em>, a que alude o Decreto-Lei n.\u00ba 24\/2014 de 14 de fevereiro na sua reda\u00e7\u00e3o atual.<\/p><p>3. Para Entidades Estrangeiras, ao valor dos <em>packs<\/em> acrescem taxas internacionais e de expedi\u00e7\u00e3o. O <em>pack<\/em> Ades\u00e3o Extra n\u00e3o se encontra dispon\u00edvel para Entidades Estrangeiras.<\/p><p>\u00a0<\/p>\t\t\t\t\t\t<\/div>\n\t\t\t\t<\/div>\n\t\t\t\t<div class=\"elementor-element elementor-element-3e483ed elementor-widget elementor-widget-image\" data-id=\"3e483ed\" data-element_type=\"widget\" data-widget_type=\"image.default\">\n\t\t\t\t<div class=\"elementor-widget-container\">\n\t\t\t<style>\/*! elementor - v3.18.0 - 08-12-2023 *\/\n.elementor-widget-image{text-align:center}.elementor-widget-image a{display:inline-block}.elementor-widget-image a img[src$=\".svg\"]{width:48px}.elementor-widget-image img{vertical-align:middle;display:inline-block}<\/style>\t\t\t\t\t\t\t\t\t\t\t\t<img fetchpriority=\"high\" decoding=\"async\" width=\"723\" height=\"1024\" src=\"https:\/\/anogov.com\/home\/wp-content\/uploads\/Packs-de-adesao-anogov_pt-723x1024.png\" class=\"attachment-large size-large wp-image-6601\" alt=\"Packs de adesao anogov_pt\" srcset=\"https:\/\/anogov.com\/home\/wp-content\/uploads\/Packs-de-adesao-anogov_pt-723x1024.png 723w, https:\/\/anogov.com\/home\/wp-content\/uploads\/Packs-de-adesao-anogov_pt-212x300.png 212w, https:\/\/anogov.com\/home\/wp-content\/uploads\/Packs-de-adesao-anogov_pt-768x1088.png 768w, https:\/\/anogov.com\/home\/wp-content\/uploads\/Packs-de-adesao-anogov_pt-1084x1536.png 1084w, https:\/\/anogov.com\/home\/wp-content\/uploads\/Packs-de-adesao-anogov_pt-600x850.png 600w, https:\/\/anogov.com\/home\/wp-content\/uploads\/Packs-de-adesao-anogov_pt.png 1136w\" sizes=\"(max-width: 723px) 100vw, 723px\" \/>\t\t\t\t\t\t\t\t\t\t\t\t\t\t\t<\/div>\n\t\t\t\t<\/div>\n\t\t\t\t<div class=\"elementor-element elementor-element-ae489bf elementor-widget__width-initial elementor-widget elementor-widget-text-editor\" data-id=\"ae489bf\" data-element_type=\"widget\" data-widget_type=\"text-editor.default\">\n\t\t\t\t<div class=\"elementor-widget-container\">\n\t\t\t\t\t\t\t<p>4. A ativa\u00e7\u00e3o dos <em>packs<\/em> de ades\u00e3o \u00e9 efetuada de forma imediata com a valida\u00e7\u00e3o do pagamento. Conclu\u00edda a compra, e de forma a configurar o servi\u00e7o na plataforma, dever\u00e1 entrar em contacto atrav\u00e9s do e-mail <a href=\"mailto:comercial@ano.pt\">comercial@ano.pt<\/a> ou atrav\u00e9s da linha de atendimento &#8211; 222 061 580 (chamada para a rede fixa nacional) &#8211; dispon\u00edvel das 09h \u00e0s 12h30 e das 14h \u00e0s 18h nos dias \u00fateis.<br \/>5. Ao efetuar a compra atrav\u00e9s da loja on-line, o cliente declara expressamente que autoriza a ativa\u00e7\u00e3o imediata do(s) servi\u00e7o(s) ap\u00f3s a confirma\u00e7\u00e3o do pagamento, perdendo o direito de livre resolu\u00e7\u00e3o.<br \/>6. Os <em>packs<\/em> de ades\u00e3o s\u00e3o v\u00e1lidos por 1 ano (12 meses).<br \/>7. Os <em>packs<\/em> de ades\u00e3o renovam automaticamente. A inten\u00e7\u00e3o de n\u00e3o renova\u00e7\u00e3o deve ser comunicada previamente, por escrito, \u00e0 <strong>anoGov<\/strong> com a anteced\u00eancia m\u00ednima de 30 dias.<br \/>8. Sempre que a ades\u00e3o a estes <em>packs<\/em> usufrua de uma campanha promocional, as condi\u00e7\u00f5es da mesma ser\u00e3o aplicadas durante a vig\u00eancia da campanha e respetivo contrato, sendo a renova\u00e7\u00e3o realizada de acordo com os pre\u00e7os em vigor na altura da renova\u00e7\u00e3o.<br \/>9. Em caso de renova\u00e7\u00e3o, a <strong>ANO<\/strong> reserva-se ao direito de atualizar o pre\u00e7o e as condi\u00e7\u00f5es dos <em>packs<\/em> em conformidade com as pol\u00edticas comerciais em vigor.<br \/>10. Para a resolu\u00e7\u00e3o de lit\u00edgios de consumo contacte o Centro de Informa\u00e7\u00e3o de Consumo e Arbitragem do Porto (https:\/\/cicap.pt\/).<br \/>11. Os dados pessoais recolhidos destinam-se a ser usados na gest\u00e3o contratual estabelecida com o cliente atrav\u00e9s da loja<em> on-line<\/em> e s\u00e3o tratados de acordo com as pol\u00edticas de prote\u00e7\u00e3o de dados em vigor.<br \/>12. Em caso de d\u00favidas, contacte-nos atrav\u00e9s do endere\u00e7o de e-mail <a href=\"mailto:comercial@ano.pt\">comercial@ano.pt<\/a> ou atrav\u00e9s da linha de atendimento &#8211; <strong>222 061 580<\/strong> (chamada para a rede fixa nacional) &#8211; dispon\u00edvel das 09h \u00e0s 12h30 e das 14h \u00e0s 18h nos dias \u00fateis.<\/p><h6>\u00daltima Revis\u00e3o: 27 de outubro de 2025<\/h6><h6>\u00a0<\/h6>\t\t\t\t\t\t<\/div>\n\t\t\t\t<\/div>\n\t\t\t\t\t<\/div>\n\t\t<\/div>\n\t\t\t\t\t\t\t<\/div>\n\t\t<\/section>\n\t\t\t\t\t<\/div>\n\t\t<\/div>\n\t\t\t\t\t\t\t<\/div>\n\t\t<\/section>\n\t\t\t\t\t\t\t<\/div>\n\t\t","protected":false},"excerpt":{"rendered":"<p>Termos e Condi\u00e7\u00f5es | Packs de Ades\u00e3o 1. A disponibiliza\u00e7\u00e3o dos packs de ades\u00e3o \u00e0 anoGov \u00e9 da responsabilidade da ANO, pessoa coletiva n.\u00ba 503182710, registada na Conservat\u00f3ria do Registo Comercial do Porto \u2013 1.\u00aa Sec\u00e7\u00e3o, com sede na Travessa de Alferes Malheiro n.\u00ba 105, Porto.2. O presente documento estabelece as condi\u00e7\u00f5es de aquisi\u00e7\u00e3o dos [&hellip;]<\/p>\n","protected":false},"author":3,"featured_media":0,"parent":0,"menu_order":0,"comment_status":"closed","ping_status":"closed","template":"","meta":{"footnotes":""},"class_list":["post-4521","page","type-page","status-publish","hentry"],"_links":{"self":[{"href":"https:\/\/anogov.com\/home\/wp-json\/wp\/v2\/pages\/4521"}],"collection":[{"href":"https:\/\/anogov.com\/home\/wp-json\/wp\/v2\/pages"}],"about":[{"href":"https:\/\/anogov.com\/home\/wp-json\/wp\/v2\/types\/page"}],"author":[{"embeddable":true,"href":"https:\/\/anogov.com\/home\/wp-json\/wp\/v2\/users\/3"}],"replies":[{"embeddable":true,"href":"https:\/\/anogov.com\/home\/wp-json\/wp\/v2\/comments?post=4521"}],"version-history":[{"count":75,"href":"https:\/\/anogov.com\/home\/wp-json\/wp\/v2\/pages\/4521\/revisions"}],"predecessor-version":[{"id":7894,"href":"https:\/\/anogov.com\/home\/wp-json\/wp\/v2\/pages\/4521\/revisions\/7894"}],"wp:attachment":[{"href":"https:\/\/anogov.com\/home\/wp-json\/wp\/v2\/media?parent=4521"}],"curies":[{"name":"wp","href":"https:\/\/api.w.org\/{rel}","templated":true}]}}