{"id":3682,"date":"2023-09-14T15:38:41","date_gmt":"2023-09-14T14:38:41","guid":{"rendered":"https:\/\/anogov.com\/home\/?page_id=3682"},"modified":"2025-10-27T15:30:45","modified_gmt":"2025-10-27T15:30:45","slug":"termos-e-condicoes-convites","status":"publish","type":"page","link":"https:\/\/anogov.com\/home\/termos-e-condicoes-convites\/","title":{"rendered":"Termos e Condi\u00e7\u00f5es &#8211; +Convites"},"content":{"rendered":"\t\t<div data-elementor-type=\"wp-page\" data-elementor-id=\"3682\" class=\"elementor elementor-3682\">\n\t\t\t\t\t\t\t\t\t<section class=\"elementor-section elementor-top-section elementor-element elementor-element-1d760b92 elementor-section-full_width elementor-section-height-default elementor-section-height-default wpr-particle-no wpr-jarallax-no wpr-parallax-no wpr-sticky-section-no\" data-id=\"1d760b92\" data-element_type=\"section\">\n\t\t\t\t\t\t<div class=\"elementor-container elementor-column-gap-no\">\n\t\t\t\t\t<div class=\"elementor-column elementor-col-100 elementor-top-column elementor-element elementor-element-41b07e4b\" data-id=\"41b07e4b\" data-element_type=\"column\">\n\t\t\t<div class=\"elementor-widget-wrap elementor-element-populated\">\n\t\t\t\t\t\t\t\t<div class=\"elementor-element elementor-element-3dbefdb elementor-widget elementor-widget-heading\" data-id=\"3dbefdb\" data-element_type=\"widget\" data-widget_type=\"heading.default\">\n\t\t\t\t<div class=\"elementor-widget-container\">\n\t\t\t<style>\/*! elementor - v3.18.0 - 08-12-2023 *\/\n.elementor-heading-title{padding:0;margin:0;line-height:1}.elementor-widget-heading .elementor-heading-title[class*=elementor-size-]>a{color:inherit;font-size:inherit;line-height:inherit}.elementor-widget-heading .elementor-heading-title.elementor-size-small{font-size:15px}.elementor-widget-heading .elementor-heading-title.elementor-size-medium{font-size:19px}.elementor-widget-heading .elementor-heading-title.elementor-size-large{font-size:29px}.elementor-widget-heading .elementor-heading-title.elementor-size-xl{font-size:39px}.elementor-widget-heading .elementor-heading-title.elementor-size-xxl{font-size:59px}<\/style><h2 class=\"elementor-heading-title elementor-size-default\">Termos e Condi\u00e7\u00f5es | +Convites<\/h2>\t\t<\/div>\n\t\t\t\t<\/div>\n\t\t\t\t<section class=\"elementor-section elementor-inner-section elementor-element elementor-element-23cb45d4 elementor-section-boxed elementor-section-height-default elementor-section-height-default wpr-particle-no wpr-jarallax-no wpr-parallax-no wpr-sticky-section-no\" data-id=\"23cb45d4\" data-element_type=\"section\">\n\t\t\t\t\t\t<div class=\"elementor-container elementor-column-gap-default\">\n\t\t\t\t\t<div class=\"elementor-column elementor-col-100 elementor-inner-column elementor-element elementor-element-8712a59\" data-id=\"8712a59\" data-element_type=\"column\">\n\t\t\t<div class=\"elementor-widget-wrap elementor-element-populated\">\n\t\t\t\t\t\t\t\t<div class=\"elementor-element elementor-element-276ed8ea elementor-widget elementor-widget-text-editor\" data-id=\"276ed8ea\" data-element_type=\"widget\" data-widget_type=\"text-editor.default\">\n\t\t\t\t<div class=\"elementor-widget-container\">\n\t\t\t<style>\/*! elementor - v3.18.0 - 08-12-2023 *\/\n.elementor-widget-text-editor.elementor-drop-cap-view-stacked .elementor-drop-cap{background-color:#69727d;color:#fff}.elementor-widget-text-editor.elementor-drop-cap-view-framed .elementor-drop-cap{color:#69727d;border:3px solid;background-color:transparent}.elementor-widget-text-editor:not(.elementor-drop-cap-view-default) .elementor-drop-cap{margin-top:8px}.elementor-widget-text-editor:not(.elementor-drop-cap-view-default) .elementor-drop-cap-letter{width:1em;height:1em}.elementor-widget-text-editor .elementor-drop-cap{float:left;text-align:center;line-height:1;font-size:50px}.elementor-widget-text-editor .elementor-drop-cap-letter{display:inline-block}<\/style>\t\t\t\t<p>1. A disponibiliza\u00e7\u00e3o do servi\u00e7o <strong>+Convites<\/strong> \u00e9 da responsabilidade da ANO, pessoa coletiva n.\u00ba 503182710, registada na Conservat\u00f3ria do Registo Comercial do Porto \u2013 1.\u00aa Sec\u00e7\u00e3o, com sede na Travessa de Alferes Malheiro n.\u00ba 105, Porto.<br>\n2. O presente documento estabelece as condi\u00e7\u00f5es de ades\u00e3o ao servi\u00e7o <strong>+Convites<\/strong> dispon\u00edvel na loja <i>on-line<\/i>, a que alude o Decreto-Lei n.\u00ba 24\/2014 de 14 de fevereiro na sua reda\u00e7\u00e3o atual.<\/p>\n<p><span data-teams=\"true\"><span dir=\"ltr\"><span style=\"font-size: inherit;\">3. Para Entidades Estrangeiras, ao valor do servi\u00e7o acrescem taxas internacionais e de expedi\u00e7\u00e3o.<\/span><\/span><\/span><\/p>\n<p>4. A ades\u00e3o ao servi\u00e7o <strong>+Convites<\/strong> garante o acesso a mais oportunidades por Convite (procedimentos endere\u00e7ados diretamente ao fornecedor\/operador econ\u00f3mico).<br>\n5. O servi\u00e7o <strong>+Convites<\/strong> tem a validade de 1 ano (12 meses).<br>\n6. A ades\u00e3o a este servi\u00e7o confere, ainda, o estatuto de Fornecedor+, garantindo o acesso a funcionalidades e servi\u00e7os avan\u00e7ados da <strong>anoGov<\/strong>.<br>\n7. A ativa\u00e7\u00e3o do servi\u00e7o <b>+Convites <\/b>\u00e9 efetuada de forma imediata com a valida\u00e7\u00e3o do pagamento. Conclu\u00edda a compra, e de forma a configurar o servi\u00e7o na plataforma, dever\u00e1 entrar em contacto atrav\u00e9s do e-mail <a href=\"mailto:comercial@ano.pt\">comercial@ano.pt<\/a> ou atrav\u00e9s da linha de atendimento &#8211; 222 061 580 (chamada para a rede fixa nacional) &#8211; dispon\u00edvel das 09h \u00e0s 12h30 e das 14h \u00e0s 18h nos dias \u00fateis.<br>\n8. Ao efetuar a compra atrav\u00e9s da loja on-line, o cliente declara expressamente que autoriza a ativa\u00e7\u00e3o imediata do(s) servi\u00e7o(s) ap\u00f3s a confirma\u00e7\u00e3o do pagamento, perdendo o direito de livre resolu\u00e7\u00e3o.<br>\n9. A parametriza\u00e7\u00e3o deste servi\u00e7o \u00e9 efetuada no perfil do operador econ\u00f3mico, na plataforma <strong>anoGov<\/strong>, atrav\u00e9s dos dados da empresa e da associa\u00e7\u00e3o dos c\u00f3digos CPV correspondentes \u00e0s \u00e1reas de neg\u00f3cio de interesse. A sele\u00e7\u00e3o e a altera\u00e7\u00e3o dos c\u00f3digos CPV \u00e9 da inteira responsabilidade do cliente.<br>\n10. Este servi\u00e7o renova automaticamente. A inten\u00e7\u00e3o de n\u00e3o renova\u00e7\u00e3o deve ser comunicada previamente, por escrito, \u00e0 <strong>anoGov<\/strong> com a anteced\u00eancia m\u00ednima de 30 dias.<br>\n11. Sempre que a ades\u00e3o ao servi\u00e7o usufrua de uma campanha promocional, as condi\u00e7\u00f5es da mesma ser\u00e3o aplicadas durante a vig\u00eancia da campanha e respetivo contrato, sendo a renova\u00e7\u00e3o realizada de acordo com os pre\u00e7os em vigor na altura da renova\u00e7\u00e3o.<br>\n12. Em caso de renova\u00e7\u00e3o, a <strong>ANO<\/strong> reserva-se ao direito de atualizar o pre\u00e7o e as condi\u00e7\u00f5es do servi\u00e7o em conformidade com as pol\u00edticas comerciais em vigor.<br>\n13. Para a resolu\u00e7\u00e3o de lit\u00edgios de consumo contacte o Centro de Informa\u00e7\u00e3o de Consumo e Arbitragem do Porto (https:\/\/cicap.pt\/).<br>\n14. Os dados pessoais recolhidos destinam-se a ser usados na gest\u00e3o contratual estabelecida com o cliente atrav\u00e9s da loja on-line e s\u00e3o tratados de acordo com as pol\u00edticas de prote\u00e7\u00e3o de dados em vigor.<br>\n15. Em caso de d\u00favidas, contacte-nos atrav\u00e9s do endere\u00e7o de e-mail <a href=\"mailto:comercial@ano.pt\">comercial@ano.pt<\/a> ou atrav\u00e9s da linha de atendimento &#8211; <strong>222 061 580<\/strong> (chamada para a rede fixa nacional) &#8211; dispon\u00edvel das 09h \u00e0s 12h30 e das 14h \u00e0s 18h nos dias \u00fateis.<\/p>\n<h6>\u00daltima Revis\u00e3o: 27 de novembro de 2025&nbsp;<\/h6>\t\t\t\t\t\t<\/div>\n\t\t\t\t<\/div>\n\t\t\t\t\t<\/div>\n\t\t<\/div>\n\t\t\t\t\t\t\t<\/div>\n\t\t<\/section>\n\t\t\t\t\t<\/div>\n\t\t<\/div>\n\t\t\t\t\t\t\t<\/div>\n\t\t<\/section>\n\t\t\t\t\t\t\t<\/div>\n\t\t","protected":false},"excerpt":{"rendered":"<p>Termos e Condi\u00e7\u00f5es | +Convites 1. A disponibiliza\u00e7\u00e3o do servi\u00e7o +Convites \u00e9 da responsabilidade da ANO, pessoa coletiva n.\u00ba 503182710, registada na Conservat\u00f3ria do Registo Comercial do Porto \u2013 1.\u00aa Sec\u00e7\u00e3o, com sede na Travessa de Alferes Malheiro n.\u00ba 105, Porto. 2. O presente documento estabelece as condi\u00e7\u00f5es de ades\u00e3o ao servi\u00e7o +Convites dispon\u00edvel na [&hellip;]<\/p>\n","protected":false},"author":3,"featured_media":0,"parent":0,"menu_order":0,"comment_status":"closed","ping_status":"closed","template":"","meta":{"footnotes":""},"class_list":["post-3682","page","type-page","status-publish","hentry"],"_links":{"self":[{"href":"https:\/\/anogov.com\/home\/wp-json\/wp\/v2\/pages\/3682"}],"collection":[{"href":"https:\/\/anogov.com\/home\/wp-json\/wp\/v2\/pages"}],"about":[{"href":"https:\/\/anogov.com\/home\/wp-json\/wp\/v2\/types\/page"}],"author":[{"embeddable":true,"href":"https:\/\/anogov.com\/home\/wp-json\/wp\/v2\/users\/3"}],"replies":[{"embeddable":true,"href":"https:\/\/anogov.com\/home\/wp-json\/wp\/v2\/comments?post=3682"}],"version-history":[{"count":33,"href":"https:\/\/anogov.com\/home\/wp-json\/wp\/v2\/pages\/3682\/revisions"}],"predecessor-version":[{"id":7921,"href":"https:\/\/anogov.com\/home\/wp-json\/wp\/v2\/pages\/3682\/revisions\/7921"}],"wp:attachment":[{"href":"https:\/\/anogov.com\/home\/wp-json\/wp\/v2\/media?parent=3682"}],"curies":[{"name":"wp","href":"https:\/\/api.w.org\/{rel}","templated":true}]}}