{"id":335,"date":"2023-06-22T16:12:22","date_gmt":"2023-06-22T15:12:22","guid":{"rendered":"https:\/\/anogov.com\/home\/?page_id=335"},"modified":"2023-09-06T15:54:49","modified_gmt":"2023-09-06T14:54:49","slug":"efatura","status":"publish","type":"page","link":"https:\/\/anogov.com\/home\/efatura\/","title":{"rendered":"EFATURA-EA"},"content":{"rendered":"\t\t<div data-elementor-type=\"wp-page\" data-elementor-id=\"335\" class=\"elementor elementor-335\">\n\t\t\t\t\t\t\t\t\t<section class=\"elementor-section elementor-top-section elementor-element elementor-element-5a5fa1eb elementor-section-height-min-height elementor-section-boxed elementor-section-height-default elementor-section-items-middle wpr-particle-no wpr-jarallax-no wpr-parallax-no wpr-sticky-section-no\" data-id=\"5a5fa1eb\" data-element_type=\"section\" data-settings=\"{&quot;background_background&quot;:&quot;classic&quot;}\">\n\t\t\t\t\t\t\t<div class=\"elementor-background-overlay\"><\/div>\n\t\t\t\t\t\t\t<div class=\"elementor-container elementor-column-gap-default\">\n\t\t\t\t\t<div class=\"elementor-column elementor-col-100 elementor-top-column elementor-element elementor-element-4b44fdc3\" data-id=\"4b44fdc3\" data-element_type=\"column\">\n\t\t\t<div class=\"elementor-widget-wrap elementor-element-populated\">\n\t\t\t\t\t\t\t\t<div class=\"elementor-element elementor-element-7e711ce8 elementor-widget elementor-widget-heading\" data-id=\"7e711ce8\" data-element_type=\"widget\" data-widget_type=\"heading.default\">\n\t\t\t\t<div class=\"elementor-widget-container\">\n\t\t\t<style>\/*! elementor - v3.18.0 - 08-12-2023 *\/\n.elementor-heading-title{padding:0;margin:0;line-height:1}.elementor-widget-heading .elementor-heading-title[class*=elementor-size-]>a{color:inherit;font-size:inherit;line-height:inherit}.elementor-widget-heading .elementor-heading-title.elementor-size-small{font-size:15px}.elementor-widget-heading .elementor-heading-title.elementor-size-medium{font-size:19px}.elementor-widget-heading .elementor-heading-title.elementor-size-large{font-size:29px}.elementor-widget-heading .elementor-heading-title.elementor-size-xl{font-size:39px}.elementor-widget-heading .elementor-heading-title.elementor-size-xxl{font-size:59px}<\/style><h1 class=\"elementor-heading-title elementor-size-default\">efaturaGov\n<div style=\"color: white;\">\n  <h3>A solu\u00e7\u00e3o simples e econ\u00f3mica para a sua Fatura\u00e7\u00e3o Eletr\u00f3nica<\/h3>\n<\/div><\/h1>\t\t<\/div>\n\t\t\t\t<\/div>\n\t\t\t\t<div class=\"elementor-element elementor-element-2bfa8ab elementor-align-center elementor-mobile-align-center elementor-widget elementor-widget-button\" data-id=\"2bfa8ab\" data-element_type=\"widget\" data-widget_type=\"button.default\">\n\t\t\t\t<div class=\"elementor-widget-container\">\n\t\t\t\t\t<div class=\"elementor-button-wrapper\">\n\t\t\t<a class=\"elementor-button elementor-button-link elementor-size-md\" href=\"https:\/\/anogov.com\/home\/contactos\/\" target=\"_blank\">\n\t\t\t\t\t\t<span class=\"elementor-button-content-wrapper\">\n\t\t\t\t\t\t<span class=\"elementor-button-icon elementor-align-icon-right\">\n\t\t\t\t<i aria-hidden=\"true\" class=\"fas fa-angle-right\"><\/i>\t\t\t<\/span>\n\t\t\t\t\t\t<span class=\"elementor-button-text\">Contacte-nos<\/span>\n\t\t<\/span>\n\t\t\t\t\t<\/a>\n\t\t<\/div>\n\t\t\t\t<\/div>\n\t\t\t\t<\/div>\n\t\t\t\t\t<\/div>\n\t\t<\/div>\n\t\t\t\t\t\t\t<\/div>\n\t\t<\/section>\n\t\t\t\t<section class=\"elementor-section elementor-top-section elementor-element elementor-element-4d47b05 elementor-section-boxed elementor-section-height-default elementor-section-height-default wpr-particle-no wpr-jarallax-no wpr-parallax-no wpr-sticky-section-no\" data-id=\"4d47b05\" data-element_type=\"section\">\n\t\t\t\t\t\t<div class=\"elementor-container elementor-column-gap-default\">\n\t\t\t\t\t<div class=\"elementor-column elementor-col-100 elementor-top-column elementor-element elementor-element-5e83dba\" data-id=\"5e83dba\" data-element_type=\"column\">\n\t\t\t<div class=\"elementor-widget-wrap elementor-element-populated\">\n\t\t\t\t\t\t\t\t<div class=\"elementor-element elementor-element-bdca5d5 elementor-widget elementor-widget-image\" data-id=\"bdca5d5\" data-element_type=\"widget\" data-widget_type=\"image.default\">\n\t\t\t\t<div class=\"elementor-widget-container\">\n\t\t\t<style>\/*! elementor - v3.18.0 - 08-12-2023 *\/\n.elementor-widget-image{text-align:center}.elementor-widget-image a{display:inline-block}.elementor-widget-image a img[src$=\".svg\"]{width:48px}.elementor-widget-image img{vertical-align:middle;display:inline-block}<\/style>\t\t\t\t\t\t\t\t\t\t\t\t<img decoding=\"async\" width=\"439\" height=\"89\" src=\"https:\/\/anogov.com\/home\/wp-content\/uploads\/2023\/07\/logo_efaturaGov.png\" class=\"attachment-large size-large wp-image-1079\" alt=\"logo_efaturaGov\" srcset=\"https:\/\/anogov.com\/home\/wp-content\/uploads\/2023\/07\/logo_efaturaGov.png 439w, https:\/\/anogov.com\/home\/wp-content\/uploads\/2023\/07\/logo_efaturaGov-300x61.png 300w\" sizes=\"(max-width: 439px) 100vw, 439px\" \/>\t\t\t\t\t\t\t\t\t\t\t\t\t\t\t<\/div>\n\t\t\t\t<\/div>\n\t\t\t\t\t<\/div>\n\t\t<\/div>\n\t\t\t\t\t\t\t<\/div>\n\t\t<\/section>\n\t\t\t\t<section class=\"elementor-section elementor-top-section elementor-element elementor-element-304bbe09 elementor-section-full_width elementor-section-height-default elementor-section-height-default wpr-particle-no wpr-jarallax-no wpr-parallax-no wpr-sticky-section-no\" data-id=\"304bbe09\" data-element_type=\"section\">\n\t\t\t\t\t\t<div class=\"elementor-container elementor-column-gap-no\">\n\t\t\t\t\t<div class=\"elementor-column elementor-col-100 elementor-top-column elementor-element elementor-element-76aa33e7\" data-id=\"76aa33e7\" data-element_type=\"column\">\n\t\t\t<div class=\"elementor-widget-wrap elementor-element-populated\">\n\t\t\t\t\t\t\t\t<section class=\"elementor-section elementor-inner-section elementor-element elementor-element-59a81072 elementor-section-boxed elementor-section-height-default elementor-section-height-default wpr-particle-no wpr-jarallax-no wpr-parallax-no wpr-sticky-section-no\" data-id=\"59a81072\" data-element_type=\"section\">\n\t\t\t\t\t\t<div class=\"elementor-container elementor-column-gap-default\">\n\t\t\t\t\t<div class=\"elementor-column elementor-col-100 elementor-inner-column elementor-element elementor-element-4973afc2\" data-id=\"4973afc2\" data-element_type=\"column\">\n\t\t\t<div class=\"elementor-widget-wrap elementor-element-populated\">\n\t\t\t\t\t\t\t\t<div class=\"elementor-element elementor-element-5e5d3602 elementor-widget elementor-widget-text-editor\" data-id=\"5e5d3602\" data-element_type=\"widget\" data-widget_type=\"text-editor.default\">\n\t\t\t\t<div class=\"elementor-widget-container\">\n\t\t\t<style>\/*! elementor - v3.18.0 - 08-12-2023 *\/\n.elementor-widget-text-editor.elementor-drop-cap-view-stacked .elementor-drop-cap{background-color:#69727d;color:#fff}.elementor-widget-text-editor.elementor-drop-cap-view-framed .elementor-drop-cap{color:#69727d;border:3px solid;background-color:transparent}.elementor-widget-text-editor:not(.elementor-drop-cap-view-default) .elementor-drop-cap{margin-top:8px}.elementor-widget-text-editor:not(.elementor-drop-cap-view-default) .elementor-drop-cap-letter{width:1em;height:1em}.elementor-widget-text-editor .elementor-drop-cap{float:left;text-align:center;line-height:1;font-size:50px}.elementor-widget-text-editor .elementor-drop-cap-letter{display:inline-block}<\/style>\t\t\t\t<p>A partir de 1 de janeiro de 2024, todos os operadores econ\u00f3micos (incluindo micro, pequenas e m\u00e9dias empresas) e entidades p\u00fablicas (enquanto entidades cocontratantes) ser\u00e3o obrigados a emitir faturas eletr\u00f3nicas no \u00e2mbito dos contratos p\u00fablicos.<\/p><p><strong>Mas o que se entende por fatura eletr\u00f3nica?<\/strong><\/p><p>A Fatura Eletr\u00f3nica \u00e9 um documento que foi emitido, transmitido ou recebido em formato eletr\u00f3nico sendo, por isso, poss\u00edvel process\u00e1-lo de forma autom\u00e1tica e eletr\u00f3nica.<\/p><p><strong>Quais s\u00e3o as implica\u00e7\u00f5es para a entidade adjudicante?<\/strong><\/p><p>As faturas dos fornecedores passam a ser obrigatoriamente rececionadas e preservadas em formato eletr\u00f3nico, eliminando o tradicional processamento e arquivo em papel.<\/p><p>De forma a garantir o cumprimento de todos os requisitos t\u00e9cnicos e legais, a <strong>ANO<\/strong> disponibiliza a solu\u00e7\u00e3o <strong>efaturaGov<\/strong> para responder de forma simples, r\u00e1pida e econ\u00f3mica a esta obrigatoriedade legal, ao mesmo tempo que otimiza as transa\u00e7\u00f5es comerciais com os seus fornecedores. Para este fim, a <strong>efaturaGov<\/strong> prev\u00ea a integra\u00e7\u00e3o com a sua Plataforma de Contrata\u00e7\u00e3o P\u00fablica Eletr\u00f3nica e a sua solu\u00e7\u00e3o de gest\u00e3o (ERP).<\/p><p>Ao aderir \u00e0 <strong>efaturaGov<\/strong> est\u00e1, n\u00e3o s\u00f3 a garantir a conformidade com a lei, mas tamb\u00e9m a beneficiar de um ponto \u00fanico para rece\u00e7\u00e3o e consulta de<br \/>documentos eletr\u00f3nicos, com a garantia da preserva\u00e7\u00e3o digital dos mesmos e uma redu\u00e7\u00e3o de custos muito significativa face ao \u201ctradicional mundo do papel\u201d.<\/p>\t\t\t\t\t\t<\/div>\n\t\t\t\t<\/div>\n\t\t\t\t\t<\/div>\n\t\t<\/div>\n\t\t\t\t\t\t\t<\/div>\n\t\t<\/section>\n\t\t\t\t<div class=\"elementor-element elementor-element-1aadf4a elementor-widget elementor-widget-image\" data-id=\"1aadf4a\" data-element_type=\"widget\" data-widget_type=\"image.default\">\n\t\t\t\t<div class=\"elementor-widget-container\">\n\t\t\t\t\t\t\t\t\t\t\t\t\t\t\t<img fetchpriority=\"high\" decoding=\"async\" width=\"800\" height=\"357\" src=\"https:\/\/anogov.com\/home\/wp-content\/uploads\/2023\/07\/esquema-efaturaGov-1024x457.png\" class=\"attachment-large size-large wp-image-1003\" alt=\"esquema-efaturaGov\" srcset=\"https:\/\/anogov.com\/home\/wp-content\/uploads\/2023\/07\/esquema-efaturaGov-1024x457.png 1024w, https:\/\/anogov.com\/home\/wp-content\/uploads\/2023\/07\/esquema-efaturaGov-300x134.png 300w, https:\/\/anogov.com\/home\/wp-content\/uploads\/2023\/07\/esquema-efaturaGov-768x343.png 768w, https:\/\/anogov.com\/home\/wp-content\/uploads\/2023\/07\/esquema-efaturaGov-600x268.png 600w, https:\/\/anogov.com\/home\/wp-content\/uploads\/2023\/07\/esquema-efaturaGov.png 1515w\" sizes=\"(max-width: 800px) 100vw, 800px\" \/>\t\t\t\t\t\t\t\t\t\t\t\t\t\t\t<\/div>\n\t\t\t\t<\/div>\n\t\t\t\t\t<\/div>\n\t\t<\/div>\n\t\t\t\t\t\t\t<\/div>\n\t\t<\/section>\n\t\t\t\t<section class=\"elementor-section elementor-top-section elementor-element elementor-element-455858b elementor-section-boxed elementor-section-height-default elementor-section-height-default wpr-particle-no wpr-jarallax-no wpr-parallax-no wpr-sticky-section-no\" data-id=\"455858b\" data-element_type=\"section\" data-settings=\"{&quot;background_background&quot;:&quot;slideshow&quot;,&quot;background_slideshow_gallery&quot;:[{&quot;id&quot;:46,&quot;url&quot;:&quot;https:\\\/\\\/anogov.com\\\/home\\\/wp-content\\\/uploads\\\/2023\\\/06\\\/EntidadesAdjudicantes_anoGov_1.jpg&quot;}],&quot;background_slideshow_loop&quot;:&quot;yes&quot;,&quot;background_slideshow_slide_duration&quot;:5000,&quot;background_slideshow_slide_transition&quot;:&quot;fade&quot;,&quot;background_slideshow_transition_duration&quot;:500}\">\n\t\t\t\t\t\t<div class=\"elementor-container elementor-column-gap-default\">\n\t\t\t\t\t<div class=\"elementor-column elementor-col-100 elementor-top-column elementor-element elementor-element-103c03a6\" data-id=\"103c03a6\" data-element_type=\"column\">\n\t\t\t<div class=\"elementor-widget-wrap elementor-element-populated\">\n\t\t\t\t\t\t\t\t<div class=\"elementor-element elementor-element-48fa61f elementor-invisible elementor-widget elementor-widget-heading\" data-id=\"48fa61f\" data-element_type=\"widget\" data-settings=\"{&quot;_animation&quot;:&quot;fadeInDown&quot;}\" data-widget_type=\"heading.default\">\n\t\t\t\t<div class=\"elementor-widget-container\">\n\t\t\t<h2 class=\"elementor-heading-title elementor-size-default\">Adira j\u00e1 e aproveite as vantagens da campanha em vigor! <\/h2>\t\t<\/div>\n\t\t\t\t<\/div>\n\t\t\t\t<div class=\"elementor-element elementor-element-1c1d1f90 elementor-align-center elementor-mobile-align-center elementor-widget elementor-widget-button\" data-id=\"1c1d1f90\" data-element_type=\"widget\" data-widget_type=\"button.default\">\n\t\t\t\t<div class=\"elementor-widget-container\">\n\t\t\t\t\t<div class=\"elementor-button-wrapper\">\n\t\t\t<a class=\"elementor-button elementor-button-link elementor-size-md\" href=\"https:\/\/anogov.com\/home\/contactos\/\">\n\t\t\t\t\t\t<span class=\"elementor-button-content-wrapper\">\n\t\t\t\t\t\t<span class=\"elementor-button-icon elementor-align-icon-right\">\n\t\t\t\t<i aria-hidden=\"true\" class=\"fas fa-angle-right\"><\/i>\t\t\t<\/span>\n\t\t\t\t\t\t<span class=\"elementor-button-text\">Contacte-nos<\/span>\n\t\t<\/span>\n\t\t\t\t\t<\/a>\n\t\t<\/div>\n\t\t\t\t<\/div>\n\t\t\t\t<\/div>\n\t\t\t\t\t<\/div>\n\t\t<\/div>\n\t\t\t\t\t\t\t<\/div>\n\t\t<\/section>\n\t\t\t\t<section class=\"elementor-section elementor-inner-section elementor-element elementor-element-523ee50 elementor-section-boxed elementor-section-height-default elementor-section-height-default wpr-particle-no wpr-jarallax-no wpr-parallax-no wpr-sticky-section-no\" data-id=\"523ee50\" data-element_type=\"section\">\n\t\t\t\t\t\t<div class=\"elementor-container elementor-column-gap-default\">\n\t\t\t\t\t<div class=\"elementor-column elementor-col-100 elementor-inner-column elementor-element elementor-element-1fb5997\" data-id=\"1fb5997\" data-element_type=\"column\">\n\t\t\t<div class=\"elementor-widget-wrap elementor-element-populated\">\n\t\t\t\t\t\t\t\t<div class=\"elementor-element elementor-element-60a6605 elementor-widget__width-initial elementor-widget elementor-widget-image\" data-id=\"60a6605\" data-element_type=\"widget\" data-widget_type=\"image.default\">\n\t\t\t\t<div class=\"elementor-widget-container\">\n\t\t\t\t\t\t\t\t\t\t\t\t\t\t\t<img decoding=\"async\" width=\"150\" height=\"150\" src=\"https:\/\/anogov.com\/home\/wp-content\/uploads\/2023\/07\/EnquadramentoLegal2-150x150.png\" class=\"attachment-thumbnail size-thumbnail wp-image-1179\" alt=\"EnquadramentoLegal2\" srcset=\"https:\/\/anogov.com\/home\/wp-content\/uploads\/2023\/07\/EnquadramentoLegal2-150x150.png 150w, https:\/\/anogov.com\/home\/wp-content\/uploads\/2023\/07\/EnquadramentoLegal2-100x100.png 100w, https:\/\/anogov.com\/home\/wp-content\/uploads\/2023\/07\/EnquadramentoLegal2.png 163w\" sizes=\"(max-width: 150px) 100vw, 150px\" \/>\t\t\t\t\t\t\t\t\t\t\t\t\t\t\t<\/div>\n\t\t\t\t<\/div>\n\t\t\t\t<div class=\"elementor-element elementor-element-02900ef elementor-widget__width-initial elementor-widget elementor-widget-icon-box\" data-id=\"02900ef\" data-element_type=\"widget\" data-widget_type=\"icon-box.default\">\n\t\t\t\t<div class=\"elementor-widget-container\">\n\t\t\t<link rel=\"stylesheet\" href=\"https:\/\/anogov.com\/home\/wp-content\/plugins\/elementor\/assets\/css\/widget-icon-box.min.css\">\t\t<div class=\"elementor-icon-box-wrapper\">\n\t\t\t\t\t\t<div class=\"elementor-icon-box-content\">\n\t\t\t\t<h4 class=\"elementor-icon-box-title\">\n\t\t\t\t\t<a href=\"#\" >\n\t\t\t\t\t\tEnquadramento Legal\t\t\t\t\t<\/a>\n\t\t\t\t<\/h4>\n\t\t\t\t\t\t\t\t\t<p class=\"elementor-icon-box-description\">\n\t\t\t\t\t\tDecreto-Lei n.\u00ba 42\/2022\t\t\t\t\t<\/p>\n\t\t\t\t\t\t\t<\/div>\n\t\t<\/div>\n\t\t\t\t<\/div>\n\t\t\t\t<\/div>\n\t\t\t\t\t<\/div>\n\t\t<\/div>\n\t\t\t\t\t\t\t<\/div>\n\t\t<\/section>\n\t\t\t\t\t\t\t<\/div>\n\t\t","protected":false},"excerpt":{"rendered":"<p>efaturaGov A solu\u00e7\u00e3o simples e econ\u00f3mica para a sua Fatura\u00e7\u00e3o Eletr\u00f3nica Contacte-nos A partir de 1 de janeiro de 2024, todos os operadores econ\u00f3micos (incluindo micro, pequenas e m\u00e9dias empresas) e entidades p\u00fablicas (enquanto entidades cocontratantes) ser\u00e3o obrigados a emitir faturas eletr\u00f3nicas no \u00e2mbito dos contratos p\u00fablicos. Mas o que se entende por fatura eletr\u00f3nica? [&hellip;]<\/p>\n","protected":false},"author":3,"featured_media":0,"parent":0,"menu_order":0,"comment_status":"closed","ping_status":"closed","template":"","meta":{"footnotes":""},"class_list":["post-335","page","type-page","status-publish","hentry"],"_links":{"self":[{"href":"https:\/\/anogov.com\/home\/wp-json\/wp\/v2\/pages\/335"}],"collection":[{"href":"https:\/\/anogov.com\/home\/wp-json\/wp\/v2\/pages"}],"about":[{"href":"https:\/\/anogov.com\/home\/wp-json\/wp\/v2\/types\/page"}],"author":[{"embeddable":true,"href":"https:\/\/anogov.com\/home\/wp-json\/wp\/v2\/users\/3"}],"replies":[{"embeddable":true,"href":"https:\/\/anogov.com\/home\/wp-json\/wp\/v2\/comments?post=335"}],"version-history":[{"count":91,"href":"https:\/\/anogov.com\/home\/wp-json\/wp\/v2\/pages\/335\/revisions"}],"predecessor-version":[{"id":3571,"href":"https:\/\/anogov.com\/home\/wp-json\/wp\/v2\/pages\/335\/revisions\/3571"}],"wp:attachment":[{"href":"https:\/\/anogov.com\/home\/wp-json\/wp\/v2\/media?parent=335"}],"curies":[{"name":"wp","href":"https:\/\/api.w.org\/{rel}","templated":true}]}}