{"id":2688,"date":"2023-07-10T14:31:32","date_gmt":"2023-07-10T13:31:32","guid":{"rendered":"https:\/\/anogov.com\/home\/?page_id=2688"},"modified":"2023-12-13T17:35:24","modified_gmt":"2023-12-13T17:35:24","slug":"politica-de-privacidade","status":"publish","type":"page","link":"https:\/\/anogov.com\/home\/politica-de-privacidade\/","title":{"rendered":"Pol\u00edtica De Privacidade"},"content":{"rendered":"\t\t<div data-elementor-type=\"wp-page\" data-elementor-id=\"2688\" class=\"elementor elementor-2688\">\n\t\t\t\t\t\t\t\t\t<section class=\"elementor-section elementor-top-section elementor-element elementor-element-18e7f70e elementor-section-full_width elementor-section-height-default elementor-section-height-default wpr-particle-no wpr-jarallax-no wpr-parallax-no wpr-sticky-section-no\" data-id=\"18e7f70e\" data-element_type=\"section\">\n\t\t\t\t\t\t<div class=\"elementor-container elementor-column-gap-no\">\n\t\t\t\t\t<div class=\"elementor-column elementor-col-100 elementor-top-column elementor-element elementor-element-76e159e3\" data-id=\"76e159e3\" data-element_type=\"column\">\n\t\t\t<div class=\"elementor-widget-wrap elementor-element-populated\">\n\t\t\t\t\t\t\t\t<div class=\"elementor-element elementor-element-ebba71e elementor-widget elementor-widget-heading\" data-id=\"ebba71e\" data-element_type=\"widget\" data-widget_type=\"heading.default\">\n\t\t\t\t<div class=\"elementor-widget-container\">\n\t\t\t<style>\/*! elementor - v3.18.0 - 08-12-2023 *\/\n.elementor-heading-title{padding:0;margin:0;line-height:1}.elementor-widget-heading .elementor-heading-title[class*=elementor-size-]>a{color:inherit;font-size:inherit;line-height:inherit}.elementor-widget-heading .elementor-heading-title.elementor-size-small{font-size:15px}.elementor-widget-heading .elementor-heading-title.elementor-size-medium{font-size:19px}.elementor-widget-heading .elementor-heading-title.elementor-size-large{font-size:29px}.elementor-widget-heading .elementor-heading-title.elementor-size-xl{font-size:39px}.elementor-widget-heading .elementor-heading-title.elementor-size-xxl{font-size:59px}<\/style><h2 class=\"elementor-heading-title elementor-size-default\">Pol\u00edtica de Privacidade e Prote\u00e7\u00e3o de Dados<\/h2>\t\t<\/div>\n\t\t\t\t<\/div>\n\t\t\t\t<section class=\"elementor-section elementor-inner-section elementor-element elementor-element-13e00218 elementor-section-boxed elementor-section-height-default elementor-section-height-default wpr-particle-no wpr-jarallax-no wpr-parallax-no wpr-sticky-section-no\" data-id=\"13e00218\" data-element_type=\"section\">\n\t\t\t\t\t\t<div class=\"elementor-container elementor-column-gap-default\">\n\t\t\t\t\t<div class=\"elementor-column elementor-col-100 elementor-inner-column elementor-element elementor-element-3b85c8de\" data-id=\"3b85c8de\" data-element_type=\"column\">\n\t\t\t<div class=\"elementor-widget-wrap elementor-element-populated\">\n\t\t\t\t\t\t\t\t<div class=\"elementor-element elementor-element-2ea36e65 elementor-widget elementor-widget-text-editor\" data-id=\"2ea36e65\" data-element_type=\"widget\" data-widget_type=\"text-editor.default\">\n\t\t\t\t<div class=\"elementor-widget-container\">\n\t\t\t<style>\/*! elementor - v3.18.0 - 08-12-2023 *\/\n.elementor-widget-text-editor.elementor-drop-cap-view-stacked .elementor-drop-cap{background-color:#69727d;color:#fff}.elementor-widget-text-editor.elementor-drop-cap-view-framed .elementor-drop-cap{color:#69727d;border:3px solid;background-color:transparent}.elementor-widget-text-editor:not(.elementor-drop-cap-view-default) .elementor-drop-cap{margin-top:8px}.elementor-widget-text-editor:not(.elementor-drop-cap-view-default) .elementor-drop-cap-letter{width:1em;height:1em}.elementor-widget-text-editor .elementor-drop-cap{float:left;text-align:center;line-height:1;font-size:50px}.elementor-widget-text-editor .elementor-drop-cap-letter{display:inline-block}<\/style>\t\t\t\t<p><strong><span class=\"ui-provider a b c d e f g h i j k l m n o p q r s t u v w x y z ab ac ae af ag ah ai aj ak\" dir=\"ltr\">POL\u00cdTICA DE PRIVACIDADE E PROTE\u00c7\u00c3O DE DADOS<\/span><\/strong><\/p><p>Todas as informa\u00e7\u00f5es pessoais recolhidas ser\u00e3o usadas para o ajudar a tornar a sua visita ao site anoGov mais prof\u00edcua e agrad\u00e1vel. A garantia de confidencialidade dos dados pessoais dos cidad\u00e3os e seguran\u00e7a da informa\u00e7\u00e3o \u00e9 muito importante para o site anoGov.<\/p><p>A presente Pol\u00edtica de Privacidade e de Prote\u00e7\u00e3o de Dados Pessoais explicita os termos em que ANO procede ao tratamento de dados pessoais dos seus Clientes\/Utilizadores, bem como os direitos que podem exercer, de acordo com o disposto no Regulamento (EU) 2016\/679 do Parlamento Europeu e do Conselho \u2013 Regulamento Geral sobre a Prote\u00e7\u00e3o de Dados (RGPD) \u2013 e restante legisla\u00e7\u00e3o nacional aplic\u00e1vel em mat\u00e9ria de privacidade e prote\u00e7\u00e3o de dados, em especial, a Lei n\u00ba 58\/2019, de 8 de agosto, que assegura a execu\u00e7\u00e3o, na ordem jur\u00eddica nacional, daquele Regulamento.<\/p><p>A informa\u00e7\u00e3o pessoal recolhida pode incluir o seu nome, endere\u00e7o eletr\u00f3nico (email), n\u00famero de telefone e\/ou telem\u00f3vel, morada, data de nascimento e outras informa\u00e7\u00f5es.<\/p><p>A utiliza\u00e7\u00e3o do site anoGov pressup\u00f5e a aceita\u00e7\u00e3o deste Acordo de privacidade. A equipa de manuten\u00e7\u00e3o do site anoGov reserva-se ao direito de alterar este acordo sem aviso pr\u00e9vio. Deste modo, recomendamos que consulte a nossa pol\u00edtica de privacidade com regularidade para estar sempre atualizado.<\/p><p><strong>DIREITOS DE PROPRIEDADE INTELECTUAL<\/strong><\/p><p>O software, imagens, gr\u00e1ficos ou outro material contido nas p\u00e1ginas deste site s\u00e3o protegidos nacional e internacionalmente pelas disposi\u00e7\u00f5es aplic\u00e1veis em mat\u00e9ria de direitos de autor e de propriedade industrial, pelo que, qualquer utiliza\u00e7\u00e3o destes materiais s\u00f3 pode ocorrer ao abrigo da autoriza\u00e7\u00e3o expressa dos respetivos titulares.<\/p><p><strong>OS COOKIES<\/strong><\/p><p>Utilizamos cookies para armazenar informa\u00e7\u00e3o, tais como as suas prefer\u00eancias pessoais quando visita o site anoGov. Isto poder\u00e1 incluir um simples popup ou uma liga\u00e7\u00e3o em v\u00e1rios servi\u00e7os que providenciamos, como os f\u00f3runs por exemplo.<\/p><p>O utilizador det\u00e9m o poder de desligar os seus cookies, nas op\u00e7\u00f5es do seu browser, ou efetuar altera\u00e7\u00f5es nos programas Antiv\u00edrus. Alertamos, no entanto, que essas op\u00e7\u00f5es podem alterar a forma como interage com o site anoGov.<\/p><p><strong>LIGA\u00c7\u00d5ES A OUTRAS P\u00c1GINAS WEB<\/strong><\/p><p>O site anoGov possui liga\u00e7\u00f5es para outros s\u00edtios, os quais, a nosso ver, podem conter informa\u00e7\u00f5es\/ferramentas \u00fateis para os nossos visitantes. A nossa pol\u00edtica de privacidade n\u00e3o se aplica a sites de terceiros, pelo que, caso visite outro s\u00edtio a partir do nosso dever\u00e1 ler a politica de privacidade do mesmo.<\/p><p>N\u00e3o nos responsabilizamos pela pol\u00edtica de privacidade ou conte\u00fados presentes nesses mesmos s\u00edtios.<\/p>\t\t\t\t\t\t<\/div>\n\t\t\t\t<\/div>\n\t\t\t\t\t<\/div>\n\t\t<\/div>\n\t\t\t\t\t\t\t<\/div>\n\t\t<\/section>\n\t\t\t\t\t<\/div>\n\t\t<\/div>\n\t\t\t\t\t\t\t<\/div>\n\t\t<\/section>\n\t\t\t\t\t\t\t<\/div>\n\t\t","protected":false},"excerpt":{"rendered":"<p>Pol\u00edtica de Privacidade e Prote\u00e7\u00e3o de Dados POL\u00cdTICA DE PRIVACIDADE E PROTE\u00c7\u00c3O DE DADOS Todas as informa\u00e7\u00f5es pessoais recolhidas ser\u00e3o usadas para o ajudar a tornar a sua visita ao site anoGov mais prof\u00edcua e agrad\u00e1vel. A garantia de confidencialidade dos dados pessoais dos cidad\u00e3os e seguran\u00e7a da informa\u00e7\u00e3o \u00e9 muito importante para o site [&hellip;]<\/p>\n","protected":false},"author":3,"featured_media":0,"parent":0,"menu_order":0,"comment_status":"closed","ping_status":"closed","template":"","meta":{"footnotes":""},"class_list":["post-2688","page","type-page","status-publish","hentry"],"_links":{"self":[{"href":"https:\/\/anogov.com\/home\/wp-json\/wp\/v2\/pages\/2688"}],"collection":[{"href":"https:\/\/anogov.com\/home\/wp-json\/wp\/v2\/pages"}],"about":[{"href":"https:\/\/anogov.com\/home\/wp-json\/wp\/v2\/types\/page"}],"author":[{"embeddable":true,"href":"https:\/\/anogov.com\/home\/wp-json\/wp\/v2\/users\/3"}],"replies":[{"embeddable":true,"href":"https:\/\/anogov.com\/home\/wp-json\/wp\/v2\/comments?post=2688"}],"version-history":[{"count":14,"href":"https:\/\/anogov.com\/home\/wp-json\/wp\/v2\/pages\/2688\/revisions"}],"predecessor-version":[{"id":3962,"href":"https:\/\/anogov.com\/home\/wp-json\/wp\/v2\/pages\/2688\/revisions\/3962"}],"wp:attachment":[{"href":"https:\/\/anogov.com\/home\/wp-json\/wp\/v2\/media?parent=2688"}],"curies":[{"name":"wp","href":"https:\/\/api.w.org\/{rel}","templated":true}]}}