{"id":2216,"date":"2023-07-07T13:45:12","date_gmt":"2023-07-07T12:45:12","guid":{"rendered":"https:\/\/anogov.com\/home\/?page_id=2216"},"modified":"2024-01-24T11:48:02","modified_gmt":"2024-01-24T11:48:02","slug":"termos-e-condicoes-acesso-extra","status":"publish","type":"page","link":"https:\/\/anogov.com\/home\/termos-e-condicoes-acesso-extra\/","title":{"rendered":"Termos e Condi\u00e7\u00f5es &#8211; Acesso Extra"},"content":{"rendered":"\t\t<div data-elementor-type=\"wp-page\" data-elementor-id=\"2216\" class=\"elementor elementor-2216\">\n\t\t\t\t\t\t\t\t\t<section class=\"elementor-section elementor-top-section elementor-element elementor-element-6f3c2f1f elementor-section-full_width elementor-section-height-default elementor-section-height-default wpr-particle-no wpr-jarallax-no wpr-parallax-no wpr-sticky-section-no\" data-id=\"6f3c2f1f\" data-element_type=\"section\">\n\t\t\t\t\t\t<div class=\"elementor-container elementor-column-gap-no\">\n\t\t\t\t\t<div class=\"elementor-column elementor-col-100 elementor-top-column elementor-element elementor-element-24266cec\" data-id=\"24266cec\" data-element_type=\"column\">\n\t\t\t<div class=\"elementor-widget-wrap elementor-element-populated\">\n\t\t\t\t\t\t\t\t<div class=\"elementor-element elementor-element-d0787b elementor-widget elementor-widget-heading\" data-id=\"d0787b\" data-element_type=\"widget\" data-widget_type=\"heading.default\">\n\t\t\t\t<div class=\"elementor-widget-container\">\n\t\t\t<style>\/*! elementor - v3.18.0 - 08-12-2023 *\/\n.elementor-heading-title{padding:0;margin:0;line-height:1}.elementor-widget-heading .elementor-heading-title[class*=elementor-size-]>a{color:inherit;font-size:inherit;line-height:inherit}.elementor-widget-heading .elementor-heading-title.elementor-size-small{font-size:15px}.elementor-widget-heading .elementor-heading-title.elementor-size-medium{font-size:19px}.elementor-widget-heading .elementor-heading-title.elementor-size-large{font-size:29px}.elementor-widget-heading .elementor-heading-title.elementor-size-xl{font-size:39px}.elementor-widget-heading .elementor-heading-title.elementor-size-xxl{font-size:59px}<\/style><h2 class=\"elementor-heading-title elementor-size-default\">Termos e Condi\u00e7\u00f5es | Acesso Extra<\/h2>\t\t<\/div>\n\t\t\t\t<\/div>\n\t\t\t\t<section class=\"elementor-section elementor-inner-section elementor-element elementor-element-1f16df3d elementor-section-boxed elementor-section-height-default elementor-section-height-default wpr-particle-no wpr-jarallax-no wpr-parallax-no wpr-sticky-section-no\" data-id=\"1f16df3d\" data-element_type=\"section\">\n\t\t\t\t\t\t<div class=\"elementor-container elementor-column-gap-default\">\n\t\t\t\t\t<div class=\"elementor-column elementor-col-100 elementor-inner-column elementor-element elementor-element-31bc7a85\" data-id=\"31bc7a85\" data-element_type=\"column\">\n\t\t\t<div class=\"elementor-widget-wrap elementor-element-populated\">\n\t\t\t\t\t\t\t\t<div class=\"elementor-element elementor-element-439896c2 elementor-widget elementor-widget-text-editor\" data-id=\"439896c2\" data-element_type=\"widget\" data-widget_type=\"text-editor.default\">\n\t\t\t\t<div class=\"elementor-widget-container\">\n\t\t\t<style>\/*! elementor - v3.18.0 - 08-12-2023 *\/\n.elementor-widget-text-editor.elementor-drop-cap-view-stacked .elementor-drop-cap{background-color:#69727d;color:#fff}.elementor-widget-text-editor.elementor-drop-cap-view-framed .elementor-drop-cap{color:#69727d;border:3px solid;background-color:transparent}.elementor-widget-text-editor:not(.elementor-drop-cap-view-default) .elementor-drop-cap{margin-top:8px}.elementor-widget-text-editor:not(.elementor-drop-cap-view-default) .elementor-drop-cap-letter{width:1em;height:1em}.elementor-widget-text-editor .elementor-drop-cap{float:left;text-align:center;line-height:1;font-size:50px}.elementor-widget-text-editor .elementor-drop-cap-letter{display:inline-block}<\/style>\t\t\t\t<ol>\n<li>O operador econ\u00f3mico pode inscrever gratuitamente 3 utilizadores.<\/li>\n<li>A cria\u00e7\u00e3o de utilizadores adicionais implica a aquisi\u00e7\u00e3o de licen\u00e7as extra.<\/li>\n<li>Cada nova licen\u00e7a tem a validade de 1 ano (12 meses).<\/li>\n<li>A ativa\u00e7\u00e3o da licen\u00e7a \u00e9 efetuada mediante envio do comprovativo de pagamento.<\/li>\n<li>A nova licen\u00e7a fica ativa num prazo de 24 horas (nos dias \u00fateis), ap\u00f3s a rece\u00e7\u00e3o do comprovativo de pagamento.<\/li>\n<li>Este servi\u00e7o renova automaticamente. A inten\u00e7\u00e3o de n\u00e3o renova\u00e7\u00e3o deve ser comunicada previamente \u00e0 anoGov com a anteced\u00eancia m\u00ednima de 30 dias.<\/li>\n<\/ol>\t\t\t\t\t\t<\/div>\n\t\t\t\t<\/div>\n\t\t\t\t\t<\/div>\n\t\t<\/div>\n\t\t\t\t\t\t\t<\/div>\n\t\t<\/section>\n\t\t\t\t\t<\/div>\n\t\t<\/div>\n\t\t\t\t\t\t\t<\/div>\n\t\t<\/section>\n\t\t\t\t\t\t\t<\/div>\n\t\t","protected":false},"excerpt":{"rendered":"<p>Termos e Condi\u00e7\u00f5es | Acesso Extra O operador econ\u00f3mico pode inscrever gratuitamente 3 utilizadores. A cria\u00e7\u00e3o de utilizadores adicionais implica a aquisi\u00e7\u00e3o de licen\u00e7as extra. Cada nova licen\u00e7a tem a validade de 1 ano (12 meses). A ativa\u00e7\u00e3o da licen\u00e7a \u00e9 efetuada mediante envio do comprovativo de pagamento. A nova licen\u00e7a fica ativa num prazo [&hellip;]<\/p>\n","protected":false},"author":3,"featured_media":0,"parent":0,"menu_order":0,"comment_status":"closed","ping_status":"closed","template":"","meta":{"footnotes":""},"class_list":["post-2216","page","type-page","status-publish","hentry"],"_links":{"self":[{"href":"https:\/\/anogov.com\/home\/wp-json\/wp\/v2\/pages\/2216"}],"collection":[{"href":"https:\/\/anogov.com\/home\/wp-json\/wp\/v2\/pages"}],"about":[{"href":"https:\/\/anogov.com\/home\/wp-json\/wp\/v2\/types\/page"}],"author":[{"embeddable":true,"href":"https:\/\/anogov.com\/home\/wp-json\/wp\/v2\/users\/3"}],"replies":[{"embeddable":true,"href":"https:\/\/anogov.com\/home\/wp-json\/wp\/v2\/comments?post=2216"}],"version-history":[{"count":8,"href":"https:\/\/anogov.com\/home\/wp-json\/wp\/v2\/pages\/2216\/revisions"}],"predecessor-version":[{"id":4342,"href":"https:\/\/anogov.com\/home\/wp-json\/wp\/v2\/pages\/2216\/revisions\/4342"}],"wp:attachment":[{"href":"https:\/\/anogov.com\/home\/wp-json\/wp\/v2\/media?parent=2216"}],"curies":[{"name":"wp","href":"https:\/\/api.w.org\/{rel}","templated":true}]}}