{"id":2187,"date":"2023-07-07T13:12:21","date_gmt":"2023-07-07T12:12:21","guid":{"rendered":"https:\/\/anogov.com\/home\/?page_id=2187"},"modified":"2024-09-06T13:51:01","modified_gmt":"2024-09-06T13:51:01","slug":"termos-e-condicoes-servicos-de-validacao-cronologica","status":"publish","type":"page","link":"https:\/\/anogov.com\/home\/termos-e-condicoes-servicos-de-validacao-cronologica\/","title":{"rendered":"Termos e Condi\u00e7\u00f5es &#8211; Servi\u00e7os de Valida\u00e7\u00e3o Cronol\u00f3gica"},"content":{"rendered":"\t\t<div data-elementor-type=\"wp-page\" data-elementor-id=\"2187\" class=\"elementor elementor-2187\">\n\t\t\t\t\t\t\t\t\t<section class=\"elementor-section elementor-top-section elementor-element elementor-element-7cdb02bc elementor-section-full_width elementor-section-height-default elementor-section-height-default wpr-particle-no wpr-jarallax-no wpr-parallax-no wpr-sticky-section-no\" data-id=\"7cdb02bc\" data-element_type=\"section\">\n\t\t\t\t\t\t<div class=\"elementor-container elementor-column-gap-no\">\n\t\t\t\t\t<div class=\"elementor-column elementor-col-100 elementor-top-column elementor-element elementor-element-1d94491f\" data-id=\"1d94491f\" data-element_type=\"column\">\n\t\t\t<div class=\"elementor-widget-wrap elementor-element-populated\">\n\t\t\t\t\t\t\t\t<div class=\"elementor-element elementor-element-7751fee8 elementor-widget elementor-widget-heading\" data-id=\"7751fee8\" data-element_type=\"widget\" data-widget_type=\"heading.default\">\n\t\t\t\t<div class=\"elementor-widget-container\">\n\t\t\t<style>\/*! elementor - v3.18.0 - 08-12-2023 *\/\n.elementor-heading-title{padding:0;margin:0;line-height:1}.elementor-widget-heading .elementor-heading-title[class*=elementor-size-]>a{color:inherit;font-size:inherit;line-height:inherit}.elementor-widget-heading .elementor-heading-title.elementor-size-small{font-size:15px}.elementor-widget-heading .elementor-heading-title.elementor-size-medium{font-size:19px}.elementor-widget-heading .elementor-heading-title.elementor-size-large{font-size:29px}.elementor-widget-heading .elementor-heading-title.elementor-size-xl{font-size:39px}.elementor-widget-heading .elementor-heading-title.elementor-size-xxl{font-size:59px}<\/style><h2 class=\"elementor-heading-title elementor-size-default\">Termos e Condi\u00e7\u00f5es | Servi\u00e7os de Valida\u00e7\u00e3o Cronol\u00f3gica<\/h2>\t\t<\/div>\n\t\t\t\t<\/div>\n\t\t\t\t<section class=\"elementor-section elementor-inner-section elementor-element elementor-element-414974e0 elementor-section-boxed elementor-section-height-default elementor-section-height-default wpr-particle-no wpr-jarallax-no wpr-parallax-no wpr-sticky-section-no\" data-id=\"414974e0\" data-element_type=\"section\">\n\t\t\t\t\t\t<div class=\"elementor-container elementor-column-gap-default\">\n\t\t\t\t\t<div class=\"elementor-column elementor-col-100 elementor-inner-column elementor-element elementor-element-c8dae02\" data-id=\"c8dae02\" data-element_type=\"column\">\n\t\t\t<div class=\"elementor-widget-wrap elementor-element-populated\">\n\t\t\t\t\t\t\t\t<div class=\"elementor-element elementor-element-715ea002 elementor-widget elementor-widget-text-editor\" data-id=\"715ea002\" data-element_type=\"widget\" data-widget_type=\"text-editor.default\">\n\t\t\t\t<div class=\"elementor-widget-container\">\n\t\t\t<style>\/*! elementor - v3.18.0 - 08-12-2023 *\/\n.elementor-widget-text-editor.elementor-drop-cap-view-stacked .elementor-drop-cap{background-color:#69727d;color:#fff}.elementor-widget-text-editor.elementor-drop-cap-view-framed .elementor-drop-cap{color:#69727d;border:3px solid;background-color:transparent}.elementor-widget-text-editor:not(.elementor-drop-cap-view-default) .elementor-drop-cap{margin-top:8px}.elementor-widget-text-editor:not(.elementor-drop-cap-view-default) .elementor-drop-cap-letter{width:1em;height:1em}.elementor-widget-text-editor .elementor-drop-cap{float:left;text-align:center;line-height:1;font-size:50px}.elementor-widget-text-editor .elementor-drop-cap-letter{display:inline-block}<\/style>\t\t\t\t<p>1. Os\u00a0Pacotes de Valida\u00e7\u00e3o Cronol\u00f3gica disponibilizados pela anoGov s\u00e3o v\u00e1lidos por dois anos (24 meses).<\/p><p>2. A ativa\u00e7\u00e3o dos Pacotes de Valida\u00e7\u00e3o Cronol\u00f3gica \u00e9 efetuada mediante pagamento.<\/p><p>3. Os\u00a0Pacotes de Valida\u00e7\u00e3o Cronol\u00f3gica s\u00e3o disponibilizados num prazo de 24 horas (nos dias \u00fateis), ap\u00f3s a rece\u00e7\u00e3o do comprovativo de pagamento.<\/p>\t\t\t\t\t\t<\/div>\n\t\t\t\t<\/div>\n\t\t\t\t\t<\/div>\n\t\t<\/div>\n\t\t\t\t\t\t\t<\/div>\n\t\t<\/section>\n\t\t\t\t\t<\/div>\n\t\t<\/div>\n\t\t\t\t\t\t\t<\/div>\n\t\t<\/section>\n\t\t\t\t\t\t\t<\/div>\n\t\t","protected":false},"excerpt":{"rendered":"<p>Termos e Condi\u00e7\u00f5es | Servi\u00e7os de Valida\u00e7\u00e3o Cronol\u00f3gica 1. Os\u00a0Pacotes de Valida\u00e7\u00e3o Cronol\u00f3gica disponibilizados pela anoGov s\u00e3o v\u00e1lidos por dois anos (24 meses). 2. A ativa\u00e7\u00e3o dos Pacotes de Valida\u00e7\u00e3o Cronol\u00f3gica \u00e9 efetuada mediante pagamento. 3. Os\u00a0Pacotes de Valida\u00e7\u00e3o Cronol\u00f3gica s\u00e3o disponibilizados num prazo de 24 horas (nos dias \u00fateis), ap\u00f3s a rece\u00e7\u00e3o do comprovativo [&hellip;]<\/p>\n","protected":false},"author":3,"featured_media":0,"parent":0,"menu_order":0,"comment_status":"closed","ping_status":"closed","template":"","meta":{"footnotes":""},"class_list":["post-2187","page","type-page","status-publish","hentry"],"_links":{"self":[{"href":"https:\/\/anogov.com\/home\/wp-json\/wp\/v2\/pages\/2187"}],"collection":[{"href":"https:\/\/anogov.com\/home\/wp-json\/wp\/v2\/pages"}],"about":[{"href":"https:\/\/anogov.com\/home\/wp-json\/wp\/v2\/types\/page"}],"author":[{"embeddable":true,"href":"https:\/\/anogov.com\/home\/wp-json\/wp\/v2\/users\/3"}],"replies":[{"embeddable":true,"href":"https:\/\/anogov.com\/home\/wp-json\/wp\/v2\/comments?post=2187"}],"version-history":[{"count":17,"href":"https:\/\/anogov.com\/home\/wp-json\/wp\/v2\/pages\/2187\/revisions"}],"predecessor-version":[{"id":5995,"href":"https:\/\/anogov.com\/home\/wp-json\/wp\/v2\/pages\/2187\/revisions\/5995"}],"wp:attachment":[{"href":"https:\/\/anogov.com\/home\/wp-json\/wp\/v2\/media?parent=2187"}],"curies":[{"name":"wp","href":"https:\/\/api.w.org\/{rel}","templated":true}]}}