{"id":2122,"date":"2023-07-07T12:12:49","date_gmt":"2023-07-07T11:12:49","guid":{"rendered":"https:\/\/anogov.com\/home\/?page_id=2122"},"modified":"2025-02-11T11:18:54","modified_gmt":"2025-02-11T11:18:54","slug":"termos-e-condicoes-servicos-de-formacao","status":"publish","type":"page","link":"https:\/\/anogov.com\/home\/termos-e-condicoes-servicos-de-formacao\/","title":{"rendered":"Termos e Condi\u00e7\u00f5es &#8211; Servi\u00e7os de Forma\u00e7\u00e3o"},"content":{"rendered":"\t\t<div data-elementor-type=\"wp-page\" data-elementor-id=\"2122\" class=\"elementor elementor-2122\">\n\t\t\t\t\t\t\t\t\t<section class=\"elementor-section elementor-top-section elementor-element elementor-element-2cad10a1 elementor-section-full_width elementor-section-height-default elementor-section-height-default wpr-particle-no wpr-jarallax-no wpr-parallax-no wpr-sticky-section-no\" data-id=\"2cad10a1\" data-element_type=\"section\">\n\t\t\t\t\t\t<div class=\"elementor-container elementor-column-gap-no\">\n\t\t\t\t\t<div class=\"elementor-column elementor-col-100 elementor-top-column elementor-element elementor-element-2a552a56\" data-id=\"2a552a56\" data-element_type=\"column\">\n\t\t\t<div class=\"elementor-widget-wrap elementor-element-populated\">\n\t\t\t\t\t\t\t\t<div class=\"elementor-element elementor-element-791116ec elementor-widget elementor-widget-heading\" data-id=\"791116ec\" data-element_type=\"widget\" data-widget_type=\"heading.default\">\n\t\t\t\t<div class=\"elementor-widget-container\">\n\t\t\t<style>\/*! elementor - v3.18.0 - 08-12-2023 *\/\n.elementor-heading-title{padding:0;margin:0;line-height:1}.elementor-widget-heading .elementor-heading-title[class*=elementor-size-]>a{color:inherit;font-size:inherit;line-height:inherit}.elementor-widget-heading .elementor-heading-title.elementor-size-small{font-size:15px}.elementor-widget-heading .elementor-heading-title.elementor-size-medium{font-size:19px}.elementor-widget-heading .elementor-heading-title.elementor-size-large{font-size:29px}.elementor-widget-heading .elementor-heading-title.elementor-size-xl{font-size:39px}.elementor-widget-heading .elementor-heading-title.elementor-size-xxl{font-size:59px}<\/style><h2 class=\"elementor-heading-title elementor-size-default\">Termos e Condi\u00e7\u00f5es | Servi\u00e7os de Forma\u00e7\u00e3o anoGov<\/h2>\t\t<\/div>\n\t\t\t\t<\/div>\n\t\t\t\t<section class=\"elementor-section elementor-inner-section elementor-element elementor-element-49b3fa98 elementor-section-boxed elementor-section-height-default elementor-section-height-default wpr-particle-no wpr-jarallax-no wpr-parallax-no wpr-sticky-section-no\" data-id=\"49b3fa98\" data-element_type=\"section\">\n\t\t\t\t\t\t<div class=\"elementor-container elementor-column-gap-default\">\n\t\t\t\t\t<div class=\"elementor-column elementor-col-100 elementor-inner-column elementor-element elementor-element-29aba6e1\" data-id=\"29aba6e1\" data-element_type=\"column\">\n\t\t\t<div class=\"elementor-widget-wrap elementor-element-populated\">\n\t\t\t\t\t\t\t\t<div class=\"elementor-element elementor-element-515d3617 elementor-widget elementor-widget-text-editor\" data-id=\"515d3617\" data-element_type=\"widget\" data-widget_type=\"text-editor.default\">\n\t\t\t\t<div class=\"elementor-widget-container\">\n\t\t\t<style>\/*! elementor - v3.18.0 - 08-12-2023 *\/\n.elementor-widget-text-editor.elementor-drop-cap-view-stacked .elementor-drop-cap{background-color:#69727d;color:#fff}.elementor-widget-text-editor.elementor-drop-cap-view-framed .elementor-drop-cap{color:#69727d;border:3px solid;background-color:transparent}.elementor-widget-text-editor:not(.elementor-drop-cap-view-default) .elementor-drop-cap{margin-top:8px}.elementor-widget-text-editor:not(.elementor-drop-cap-view-default) .elementor-drop-cap-letter{width:1em;height:1em}.elementor-widget-text-editor .elementor-drop-cap{float:left;text-align:center;line-height:1;font-size:50px}.elementor-widget-text-editor .elementor-drop-cap-letter{display:inline-block}<\/style>\t\t\t\t<ol>\n<li>Os servi\u00e7os de forma\u00e7\u00e3o avan\u00e7ada da anoGov garantem-lhe apoio especializado na utiliza\u00e7\u00e3o de novas funcionalidades da plataforma.<\/li>\n<li>A ativa\u00e7\u00e3o de uma bolsa de forma\u00e7\u00e3o avan\u00e7ada \u00e9 efetuada, mediante envio do comprovativo de pagamento.<\/li>\n<li>O hor\u00e1rio da forma\u00e7\u00e3o \u00e9 articulado de acordo com a necessidade do cliente e sempre mediante valida\u00e7\u00e3o de disponibilidade da equipa da anoGov.<\/li>\n<li>O servi\u00e7o de forma\u00e7\u00e3o \u00e9 prestado remotamente por um consultor da anoGov.<\/li>\n<\/ol>\t\t\t\t\t\t<\/div>\n\t\t\t\t<\/div>\n\t\t\t\t\t<\/div>\n\t\t<\/div>\n\t\t\t\t\t\t\t<\/div>\n\t\t<\/section>\n\t\t\t\t\t<\/div>\n\t\t<\/div>\n\t\t\t\t\t\t\t<\/div>\n\t\t<\/section>\n\t\t\t\t\t\t\t<\/div>\n\t\t","protected":false},"excerpt":{"rendered":"<p>Termos e Condi\u00e7\u00f5es | Servi\u00e7os de Forma\u00e7\u00e3o anoGov Os servi\u00e7os de forma\u00e7\u00e3o avan\u00e7ada da anoGov garantem-lhe apoio especializado na utiliza\u00e7\u00e3o de novas funcionalidades da plataforma. A ativa\u00e7\u00e3o de uma bolsa de forma\u00e7\u00e3o avan\u00e7ada \u00e9 efetuada, mediante envio do comprovativo de pagamento. O hor\u00e1rio da forma\u00e7\u00e3o \u00e9 articulado de acordo com a necessidade do cliente e [&hellip;]<\/p>\n","protected":false},"author":3,"featured_media":0,"parent":0,"menu_order":0,"comment_status":"closed","ping_status":"closed","template":"","meta":{"footnotes":""},"class_list":["post-2122","page","type-page","status-publish","hentry"],"_links":{"self":[{"href":"https:\/\/anogov.com\/home\/wp-json\/wp\/v2\/pages\/2122"}],"collection":[{"href":"https:\/\/anogov.com\/home\/wp-json\/wp\/v2\/pages"}],"about":[{"href":"https:\/\/anogov.com\/home\/wp-json\/wp\/v2\/types\/page"}],"author":[{"embeddable":true,"href":"https:\/\/anogov.com\/home\/wp-json\/wp\/v2\/users\/3"}],"replies":[{"embeddable":true,"href":"https:\/\/anogov.com\/home\/wp-json\/wp\/v2\/comments?post=2122"}],"version-history":[{"count":17,"href":"https:\/\/anogov.com\/home\/wp-json\/wp\/v2\/pages\/2122\/revisions"}],"predecessor-version":[{"id":6922,"href":"https:\/\/anogov.com\/home\/wp-json\/wp\/v2\/pages\/2122\/revisions\/6922"}],"wp:attachment":[{"href":"https:\/\/anogov.com\/home\/wp-json\/wp\/v2\/media?parent=2122"}],"curies":[{"name":"wp","href":"https:\/\/api.w.org\/{rel}","templated":true}]}}