{"id":2048,"date":"2023-07-07T11:13:15","date_gmt":"2023-07-07T10:13:15","guid":{"rendered":"https:\/\/anogov.com\/home\/?page_id=2048"},"modified":"2024-01-24T11:50:03","modified_gmt":"2024-01-24T11:50:03","slug":"termos-e-condicoes-efaturagov","status":"publish","type":"page","link":"https:\/\/anogov.com\/home\/termos-e-condicoes-efaturagov\/","title":{"rendered":"Termos e Condi\u00e7\u00f5es &#8211; efaturaGov"},"content":{"rendered":"\t\t<div data-elementor-type=\"wp-page\" data-elementor-id=\"2048\" class=\"elementor elementor-2048\">\n\t\t\t\t\t\t\t\t\t<section class=\"elementor-section elementor-top-section elementor-element elementor-element-1746c1a7 elementor-section-full_width elementor-section-height-default elementor-section-height-default wpr-particle-no wpr-jarallax-no wpr-parallax-no wpr-sticky-section-no\" data-id=\"1746c1a7\" data-element_type=\"section\">\n\t\t\t\t\t\t<div class=\"elementor-container elementor-column-gap-no\">\n\t\t\t\t\t<div class=\"elementor-column elementor-col-100 elementor-top-column elementor-element elementor-element-2b2410d3\" data-id=\"2b2410d3\" data-element_type=\"column\">\n\t\t\t<div class=\"elementor-widget-wrap elementor-element-populated\">\n\t\t\t\t\t\t\t\t<div class=\"elementor-element elementor-element-266a8eb5 elementor-widget elementor-widget-heading\" data-id=\"266a8eb5\" data-element_type=\"widget\" data-widget_type=\"heading.default\">\n\t\t\t\t<div class=\"elementor-widget-container\">\n\t\t\t<style>\/*! elementor - v3.18.0 - 08-12-2023 *\/\n.elementor-heading-title{padding:0;margin:0;line-height:1}.elementor-widget-heading .elementor-heading-title[class*=elementor-size-]>a{color:inherit;font-size:inherit;line-height:inherit}.elementor-widget-heading .elementor-heading-title.elementor-size-small{font-size:15px}.elementor-widget-heading .elementor-heading-title.elementor-size-medium{font-size:19px}.elementor-widget-heading .elementor-heading-title.elementor-size-large{font-size:29px}.elementor-widget-heading .elementor-heading-title.elementor-size-xl{font-size:39px}.elementor-widget-heading .elementor-heading-title.elementor-size-xxl{font-size:59px}<\/style><h2 class=\"elementor-heading-title elementor-size-default\">Termos e Condi\u00e7\u00f5es | efaturaGov<\/h2>\t\t<\/div>\n\t\t\t\t<\/div>\n\t\t\t\t<section class=\"elementor-section elementor-inner-section elementor-element elementor-element-4c856610 elementor-section-boxed elementor-section-height-default elementor-section-height-default wpr-particle-no wpr-jarallax-no wpr-parallax-no wpr-sticky-section-no\" data-id=\"4c856610\" data-element_type=\"section\">\n\t\t\t\t\t\t<div class=\"elementor-container elementor-column-gap-default\">\n\t\t\t\t\t<div class=\"elementor-column elementor-col-100 elementor-inner-column elementor-element elementor-element-1c2caed7\" data-id=\"1c2caed7\" data-element_type=\"column\">\n\t\t\t<div class=\"elementor-widget-wrap elementor-element-populated\">\n\t\t\t\t\t\t\t\t<div class=\"elementor-element elementor-element-2d25933 elementor-widget elementor-widget-text-editor\" data-id=\"2d25933\" data-element_type=\"widget\" data-widget_type=\"text-editor.default\">\n\t\t\t\t<div class=\"elementor-widget-container\">\n\t\t\t<style>\/*! elementor - v3.18.0 - 08-12-2023 *\/\n.elementor-widget-text-editor.elementor-drop-cap-view-stacked .elementor-drop-cap{background-color:#69727d;color:#fff}.elementor-widget-text-editor.elementor-drop-cap-view-framed .elementor-drop-cap{color:#69727d;border:3px solid;background-color:transparent}.elementor-widget-text-editor:not(.elementor-drop-cap-view-default) .elementor-drop-cap{margin-top:8px}.elementor-widget-text-editor:not(.elementor-drop-cap-view-default) .elementor-drop-cap-letter{width:1em;height:1em}.elementor-widget-text-editor .elementor-drop-cap{float:left;text-align:center;line-height:1;font-size:50px}.elementor-widget-text-editor .elementor-drop-cap-letter{display:inline-block}<\/style>\t\t\t\t<ol>\n<li>\n<p>No \u00e2mbito da campanha em vigor, os clientes anoGov auferem de um desconto de 50% sobre o valor da anuidade no primeiro ano; Nos anos seguintes, o valor da anuidade \u00e9 de 600,00\u20ac.<\/p>\n<\/li>\n<li>\n<p>A ades\u00e3o ao servi\u00e7o efaturaGov efetua-se mediante o envio do formul\u00e1rio, dispon\u00edvel em <a href=\"\/home\/\" target=\"_blank\" rel=\"noopener\">www.anogov.com<\/a>, devidamente preenchido e assinado.<\/p>\n<\/li>\n<li>\n<p>O servi\u00e7o efaturaGov \u00e9 disponibilizado num prazo de 72 horas \u00fateis, ap\u00f3s boa cobran\u00e7a (pagamento por d\u00e9bito direto).<\/p>\n<\/li>\n<li>\n<p>A subscri\u00e7\u00e3o do efaturaGov \u00e9 v\u00e1lida pelo per\u00edodo de um ano (12 meses).<\/p>\n<\/li>\n<li>\n<p>O per\u00edodo de preserva\u00e7\u00e3o dos documentos digitais \u00e9 de 12 anos.<\/p>\n<\/li>\n<li>\n<p>O servi\u00e7o renova automaticamente por iguais per\u00edodos, salvo aviso pr\u00e9vio com 60 dias \u00fateis relativamente \u00e0 data de renova\u00e7\u00e3o.<\/p>\n<\/li>\n<li>\n<p>Aos valores indicados acresce o valor de IVA \u00e0 taxa em vigor.<\/p>\n<\/li>\n<li>\n<p>A ANO reserva-se no direito de alterar as Condi\u00e7\u00f5es Gerais de Ades\u00e3o, notificando todos os clientes desse facto.<\/p>\n<\/li>\n<\/ol>\t\t\t\t\t\t<\/div>\n\t\t\t\t<\/div>\n\t\t\t\t\t<\/div>\n\t\t<\/div>\n\t\t\t\t\t\t\t<\/div>\n\t\t<\/section>\n\t\t\t\t\t<\/div>\n\t\t<\/div>\n\t\t\t\t\t\t\t<\/div>\n\t\t<\/section>\n\t\t\t\t\t\t\t<\/div>\n\t\t","protected":false},"excerpt":{"rendered":"<p>Termos e Condi\u00e7\u00f5es | efaturaGov No \u00e2mbito da campanha em vigor, os clientes anoGov auferem de um desconto de 50% sobre o valor da anuidade no primeiro ano; Nos anos seguintes, o valor da anuidade \u00e9 de 600,00\u20ac. A ades\u00e3o ao servi\u00e7o efaturaGov efetua-se mediante o envio do formul\u00e1rio, dispon\u00edvel em www.anogov.com, devidamente preenchido e [&hellip;]<\/p>\n","protected":false},"author":3,"featured_media":0,"parent":0,"menu_order":0,"comment_status":"closed","ping_status":"closed","template":"","meta":{"footnotes":""},"class_list":["post-2048","page","type-page","status-publish","hentry"],"_links":{"self":[{"href":"https:\/\/anogov.com\/home\/wp-json\/wp\/v2\/pages\/2048"}],"collection":[{"href":"https:\/\/anogov.com\/home\/wp-json\/wp\/v2\/pages"}],"about":[{"href":"https:\/\/anogov.com\/home\/wp-json\/wp\/v2\/types\/page"}],"author":[{"embeddable":true,"href":"https:\/\/anogov.com\/home\/wp-json\/wp\/v2\/users\/3"}],"replies":[{"embeddable":true,"href":"https:\/\/anogov.com\/home\/wp-json\/wp\/v2\/comments?post=2048"}],"version-history":[{"count":14,"href":"https:\/\/anogov.com\/home\/wp-json\/wp\/v2\/pages\/2048\/revisions"}],"predecessor-version":[{"id":6908,"href":"https:\/\/anogov.com\/home\/wp-json\/wp\/v2\/pages\/2048\/revisions\/6908"}],"wp:attachment":[{"href":"https:\/\/anogov.com\/home\/wp-json\/wp\/v2\/media?parent=2048"}],"curies":[{"name":"wp","href":"https:\/\/api.w.org\/{rel}","templated":true}]}}