{"id":1906,"date":"2023-07-06T17:14:16","date_gmt":"2023-07-06T16:14:16","guid":{"rendered":"https:\/\/anogov.com\/home\/?page_id=1906"},"modified":"2025-02-11T11:18:23","modified_gmt":"2025-02-11T11:18:23","slug":"tabela-de-precos-servicos","status":"publish","type":"page","link":"https:\/\/anogov.com\/home\/tabela-de-precos-servicos\/","title":{"rendered":"Tabela de pre\u00e7os &#8211; Servi\u00e7os"},"content":{"rendered":"\t\t<div data-elementor-type=\"wp-page\" data-elementor-id=\"1906\" class=\"elementor elementor-1906\">\n\t\t\t\t\t\t\t\t\t<section class=\"elementor-section elementor-top-section elementor-element elementor-element-58f64134 elementor-section-full_width elementor-section-height-default elementor-section-height-default wpr-particle-no wpr-jarallax-no wpr-parallax-no wpr-sticky-section-no\" data-id=\"58f64134\" data-element_type=\"section\">\n\t\t\t\t\t\t<div class=\"elementor-container elementor-column-gap-no\">\n\t\t\t\t\t<div class=\"elementor-column elementor-col-100 elementor-top-column elementor-element elementor-element-5eee0398\" data-id=\"5eee0398\" data-element_type=\"column\">\n\t\t\t<div class=\"elementor-widget-wrap elementor-element-populated\">\n\t\t\t\t\t\t\t\t<div class=\"elementor-element elementor-element-6d3400f2 elementor-widget elementor-widget-heading\" data-id=\"6d3400f2\" data-element_type=\"widget\" data-widget_type=\"heading.default\">\n\t\t\t\t<div class=\"elementor-widget-container\">\n\t\t\t<style>\/*! elementor - v3.18.0 - 08-12-2023 *\/\n.elementor-heading-title{padding:0;margin:0;line-height:1}.elementor-widget-heading .elementor-heading-title[class*=elementor-size-]>a{color:inherit;font-size:inherit;line-height:inherit}.elementor-widget-heading .elementor-heading-title.elementor-size-small{font-size:15px}.elementor-widget-heading .elementor-heading-title.elementor-size-medium{font-size:19px}.elementor-widget-heading .elementor-heading-title.elementor-size-large{font-size:29px}.elementor-widget-heading .elementor-heading-title.elementor-size-xl{font-size:39px}.elementor-widget-heading .elementor-heading-title.elementor-size-xxl{font-size:59px}<\/style><h2 class=\"elementor-heading-title elementor-size-default\">Tabela de Pre\u00e7os Servi\u00e7os<\/h2>\t\t<\/div>\n\t\t\t\t<\/div>\n\t\t\t\t\t<\/div>\n\t\t<\/div>\n\t\t\t\t\t\t\t<\/div>\n\t\t<\/section>\n\t\t\t\t<section class=\"elementor-section elementor-top-section elementor-element elementor-element-5bd58380 elementor-section-boxed elementor-section-height-default elementor-section-height-default wpr-particle-no wpr-jarallax-no wpr-parallax-no wpr-sticky-section-no\" data-id=\"5bd58380\" data-element_type=\"section\">\n\t\t\t\t\t\t<div class=\"elementor-container elementor-column-gap-default\">\n\t\t\t\t\t<div class=\"elementor-column elementor-col-100 elementor-top-column elementor-element elementor-element-75a8924b\" data-id=\"75a8924b\" data-element_type=\"column\">\n\t\t\t<div class=\"elementor-widget-wrap elementor-element-populated\">\n\t\t\t\t\t\t\t\t<div class=\"elementor-element elementor-element-2e7542d4 elementor-widget__width-initial elementor-widget elementor-widget-text-editor\" data-id=\"2e7542d4\" data-element_type=\"widget\" data-widget_type=\"text-editor.default\">\n\t\t\t\t<div class=\"elementor-widget-container\">\n\t\t\t<style>\/*! elementor - v3.18.0 - 08-12-2023 *\/\n.elementor-widget-text-editor.elementor-drop-cap-view-stacked .elementor-drop-cap{background-color:#69727d;color:#fff}.elementor-widget-text-editor.elementor-drop-cap-view-framed .elementor-drop-cap{color:#69727d;border:3px solid;background-color:transparent}.elementor-widget-text-editor:not(.elementor-drop-cap-view-default) .elementor-drop-cap{margin-top:8px}.elementor-widget-text-editor:not(.elementor-drop-cap-view-default) .elementor-drop-cap-letter{width:1em;height:1em}.elementor-widget-text-editor .elementor-drop-cap{float:left;text-align:center;line-height:1;font-size:50px}.elementor-widget-text-editor .elementor-drop-cap-letter{display:inline-block}<\/style>\t\t\t\t<p><!-- wp:table {\"className\":\"is-style-stripes\"} --><\/p>\n<figure class=\"wp-block-table is-style-stripes\">\n<table>\n<tbody>\n<tr>\n<td><strong>Servi\u00e7o<\/strong><\/td>\n<td><strong>Pre\u00e7o<\/strong><\/td>\n<td><strong>Termos e condi\u00e7\u00f5es<\/strong><\/td>\n<\/tr>\n<tr>\n<td>Servi\u00e7o base<\/td>\n<td>Gratuito<\/td>\n<td><a href=\"https:\/\/anogov.com\/home\/condicoes-gerais-de-adesao-plataforma-anogov\/\" target=\"_blank\" rel=\"noopener\"><span style=\"text-decoration: underline;\">Ler<\/span><\/a><\/td>\n<\/tr>\n<tr>\n<td>Acesso extra<\/td>\n<td>303,00\u20ac \/ por licen\u00e7a<\/td>\n<td><a href=\"https:\/\/anogov.com\/home\/termos-e-condicoes-acesso-extra\/\" target=\"_blank\" rel=\"noopener\"><span style=\"text-decoration: underline;\">Ler<\/span><\/a><\/td>\n<\/tr>\n<tr>\n<td><a href=\"https:\/\/anogov.com\/home\/packs-de-adesao-anogov\/\" target=\"_blank\" rel=\"noopener\"><span style=\"text-decoration: underline;\">Packs de Ades\u00e3o anoGov<\/span><\/a><\/td>\n<td>677,00\u20ac \/ ano (Ades\u00e3o Base)<br>1.620,00\u20ac \/ ano (Ades\u00e3o Avan\u00e7ada)<br>3.989,00\u20ac \/ ano (Ades\u00e3o Extra)<\/td>\n<td>\n<p><a href=\"https:\/\/anogov.com\/home\/termos-e-condicoes-packs-de-adesao\/\" target=\"_blank\" rel=\"noopener\"><span style=\"text-decoration: underline;\">Ler<\/span><\/a><\/p>\n<\/td>\n<\/tr>\n<tr>\n<td><a href=\"https:\/\/anogov.com\/home\/convites\/\" target=\"_blank\" rel=\"noreferrer noopener\"><span style=\"text-decoration: underline;\">Servi\u00e7o +Convites<\/span><\/a><\/td>\n<td>600,00\u20ac \/ ano (Transfer\u00eancia banc\u00e1ria)<br>400,00\u20ac \/ ano (D\u00e9bito direto)<br>33,34\u20ac \/ ano (D\u00e9bito direto)<\/td>\n<td><a href=\"https:\/\/anogov.com\/home\/termos-e-condicoes-convites\/\" target=\"_blank\" rel=\"noopener\"><span style=\"text-decoration: underline;\">Ler<\/span><\/a><\/td>\n<\/tr>\n<tr>\n<td><a href=\"https:\/\/anogov.com\/home\/registo-unico\/\" target=\"_blank\" rel=\"noopener\"><span style=\"text-decoration: underline;\">Servi\u00e7o de Registo \u00danico<\/span><\/a><\/td>\n<td>420,00\u20ac&nbsp;<\/td>\n<td><a href=\"https:\/\/anogov.com\/home\/termos-e-condicoes-registo-unico\/\" target=\"_blank\" rel=\"noreferrer noopener\"><span style=\"text-decoration: underline;\">Ler<\/span><\/a><\/td>\n<\/tr>\n<tr>\n<td><a href=\"https:\/\/anogov.com\/home\/efatura-oe\/\" target=\"_blank\" rel=\"noopener\"><span style=\"text-decoration: underline;\">Servi\u00e7o efaturaGov<\/span><\/a><\/td>\n<td>600,00\u20ac<\/td>\n<td><span style=\"text-decoration: underline;\"><a href=\"https:\/\/anogov.com\/home\/termos-e-condicoes-efaturagov\/\">Ler<\/a><\/span><\/td>\n<\/tr>\n<tr>\n<td><a href=\"https:\/\/anogov.com\/home\/alerta-de-concursos-publicos\/\" target=\"_blank\" rel=\"noopener\"><span style=\"text-decoration: underline;\">Servi\u00e7o de Alertas de Concursos P\u00fablicos<\/span><\/a><\/td>\n<td>180,00\u20ac \/ ano<\/td>\n<td><span style=\"text-decoration: underline;\"><a href=\"https:\/\/anogov.com\/home\/termos-e-condicoes-alertas-de-concursos-publicos\/\" target=\"_blank\" rel=\"noreferrer noopener\">Ler<\/a><\/span><\/td>\n<\/tr>\n<tr>\n<td><a href=\"https:\/\/anogov.com\/home\/destakx\/\" target=\"_blank\" rel=\"noopener\"><span style=\"text-decoration: underline;\">Servi\u00e7o de Destakx<\/span><\/a><\/td>\n<td>300,00\u20ac<\/td>\n<td><span style=\"text-decoration: underline;\"><a href=\"https:\/\/anogov.com\/home\/termos-e-condicoes-destakx\/\" target=\"_blank\" rel=\"noreferrer noopener\">Ler<\/a><\/span><\/td>\n<\/tr>\n<tr>\n<td>Taxa de urg\u00eancia<\/td>\n<td>130,00\u20ac<\/td>\n<td><span style=\"text-decoration: underline;\"><a href=\"https:\/\/anogov.com\/home\/termos-e-condicoes-taxa-de-urgencia\/\" target=\"_blank\" rel=\"noreferrer noopener\">Ler<\/a><\/span><\/td>\n<\/tr>\n<tr>\n<td>Taxa internacional<\/td>\n<td>190,00\u20ac<\/td>\n<td><a href=\"https:\/\/anogov.com\/home\/termos-e-condicoes-taxa-de-urgencia\/\" target=\"_blank\" rel=\"noreferrer noopener\"><span style=\"text-decoration: underline;\">Ler<\/span><\/a><\/td>\n<\/tr>\n<tr>\n<td>Servi\u00e7o de apoio t\u00e9cnico<\/td>\n<td>120,00\u20ac \/ hora<\/td>\n<td>&nbsp;<\/td>\n<\/tr>\n<tr>\n<td>Servi\u00e7o de forma\u00e7\u00e3o anoGov<\/td>\n<td>120,00\u20ac \/ hora<\/td>\n<td><span style=\"text-decoration: underline;\"><a href=\"https:\/\/anogov.com\/home\/termos-e-condicoes-servicos-de-formacao\/\" target=\"_blank\" rel=\"noreferrer noopener\">Ler<\/a><\/span><\/td>\n<\/tr>\n<tr>\n<td>Servi\u00e7o de consultoria<\/td>\n<td>120,00\u20ac \/ hora<\/td>\n<td><a href=\"https:\/\/anogov.com\/home\/termos-e-condicoes-servico-de-consultoria\/\" target=\"_blank\" rel=\"noreferrer noopener\"><span style=\"text-decoration: underline;\">Ler<\/span><\/a><\/td>\n<\/tr>\n<tr>\n<td>Opera\u00e7\u00f5es flash &#8211; Servi\u00e7os t\u00e9cnico-administrativos<\/td>\n<td>80,00\u20ac p\/ evento<\/td>\n<td><a href=\"https:\/\/anogov.com\/home\/termos-e-condicoes-operacoes-flash-servicos-tecnico-administrativos\/\" target=\"_blank\" rel=\"noopener\"><span style=\"text-decoration: underline;\">Ler<\/span><\/a><\/td>\n<\/tr>\n<tr>\n<td>Servi\u00e7o de apoio e verifica\u00e7\u00e3o de falhas<\/td>\n<td>180,00\u20ac p\/ evento<\/td>\n<td><a href=\"https:\/\/anogov.com\/home\/termos-e-condicoes-servicos-de-apoio-de-verificacao-de-falhas\/\" target=\"_blank\" rel=\"noreferrer noopener\"><span style=\"text-decoration: underline;\">Ler<\/span><\/a><\/td>\n<\/tr>\n<tr>\n<td><span style=\"text-decoration: underline;\"><a href=\"https:\/\/anogov.com\/home\/produto\/pack-de-500-selos\/\">Selos Temporais interoper\u00e1veis<\/a><\/span><\/td>\n<td>\n<p>210,00\u20ac p\/ 600 selos<br>360,00\u20ac p\/ 1.200 selos<\/p>\n<\/td>\n<td><a href=\"https:\/\/anogov.com\/home\/termos-e-condicoes-selos-temporais\/\" target=\"_blank\" rel=\"noreferrer noopener\"><span style=\"text-decoration: underline;\">Ler<\/span><\/a><\/td>\n<\/tr>\n<tr>\n<td>Servi\u00e7o de valida\u00e7\u00e3o cronol\u00f3gica<\/td>\n<td>25,00\u20ac p\/ 1 selo<br>150,00\u20ac p\/ 50 selos<br>280,00\u20ac p\/ 200 selos<br>500,00\u20ac p\/ 500 selos<br><em>Pacotes v\u00e1lidos por 2 anos<\/em><\/td>\n<td><a href=\"https:\/\/anogov.com\/home\/termos-e-condicoes-servicos-de-validacao-cronologica\/\" target=\"_blank\" rel=\"noreferrer noopener\"><span style=\"text-decoration: underline;\">Ler<\/span><\/a><\/td>\n<\/tr>\n<\/tbody>\n<\/table>\n<\/figure>\n<p><!-- \/wp:table --><\/p>\n<p><!-- wp:paragraph --><\/p>\n<p>Aos valores apresentados acresce o IVA \u00e0 taxa legal em vigor.<\/p>\n<p><!-- \/wp:paragraph --><\/p>\n<p><!-- wp:paragraph --><\/p>\n<p>\u00daltima atualiza\u00e7\u00e3o: 11 de fevereiro de 2025<\/p>\n<p><!-- \/wp:paragraph --><\/p>\t\t\t\t\t\t<\/div>\n\t\t\t\t<\/div>\n\t\t\t\t\t<\/div>\n\t\t<\/div>\n\t\t\t\t\t\t\t<\/div>\n\t\t<\/section>\n\t\t\t\t\t\t\t<\/div>\n\t\t","protected":false},"excerpt":{"rendered":"<p>Tabela de Pre\u00e7os Servi\u00e7os Servi\u00e7o Pre\u00e7o Termos e condi\u00e7\u00f5es Servi\u00e7o base Gratuito Ler Acesso extra 303,00\u20ac \/ por licen\u00e7a Ler Packs de Ades\u00e3o anoGov 677,00\u20ac \/ ano (Ades\u00e3o Base)1.620,00\u20ac \/ ano (Ades\u00e3o Avan\u00e7ada)3.989,00\u20ac \/ ano (Ades\u00e3o Extra) Ler Servi\u00e7o +Convites 600,00\u20ac \/ ano (Transfer\u00eancia banc\u00e1ria)400,00\u20ac \/ ano (D\u00e9bito direto)33,34\u20ac \/ ano (D\u00e9bito direto) Ler Servi\u00e7o [&hellip;]<\/p>\n","protected":false},"author":3,"featured_media":0,"parent":0,"menu_order":0,"comment_status":"closed","ping_status":"closed","template":"","meta":{"footnotes":""},"class_list":["post-1906","page","type-page","status-publish","hentry"],"_links":{"self":[{"href":"https:\/\/anogov.com\/home\/wp-json\/wp\/v2\/pages\/1906"}],"collection":[{"href":"https:\/\/anogov.com\/home\/wp-json\/wp\/v2\/pages"}],"about":[{"href":"https:\/\/anogov.com\/home\/wp-json\/wp\/v2\/types\/page"}],"author":[{"embeddable":true,"href":"https:\/\/anogov.com\/home\/wp-json\/wp\/v2\/users\/3"}],"replies":[{"embeddable":true,"href":"https:\/\/anogov.com\/home\/wp-json\/wp\/v2\/comments?post=1906"}],"version-history":[{"count":147,"href":"https:\/\/anogov.com\/home\/wp-json\/wp\/v2\/pages\/1906\/revisions"}],"predecessor-version":[{"id":6919,"href":"https:\/\/anogov.com\/home\/wp-json\/wp\/v2\/pages\/1906\/revisions\/6919"}],"wp:attachment":[{"href":"https:\/\/anogov.com\/home\/wp-json\/wp\/v2\/media?parent=1906"}],"curies":[{"name":"wp","href":"https:\/\/api.w.org\/{rel}","templated":true}]}}